{"id":1551,"date":"2023-11-13T11:12:28","date_gmt":"2023-11-13T10:12:28","guid":{"rendered":"https:\/\/ania-tlumaczy.pl\/?page_id=1551"},"modified":"2023-11-29T20:28:04","modified_gmt":"2023-11-29T19:28:04","slug":"klauzula-rodo","status":"publish","type":"page","link":"https:\/\/ania-tlumaczy.pl\/uk\/klauzula-rodo\/","title":{"rendered":"\u0406\u043d\u0444\u043e\u0440\u043c\u0430\u0446\u0456\u0439\u043d\u0438\u0439 \u043f\u0443\u043d\u043a\u0442"},"content":{"rendered":"<h5 class=\"wp-block-heading\"><em>\u0412\u0456\u0434\u043f\u043e\u0432\u0456\u0434\u043d\u043e \u0434\u043e \u0441\u0442\u0430\u0442\u0442\u0456 13 \u041f\u043e\u0441\u0442\u0430\u043d\u043e\u0432\u0438 \u0404\u0432\u0440\u043e\u043f\u0435\u0439\u0441\u044c\u043a\u043e\u0433\u043e \u041f\u0430\u0440\u043b\u0430\u043c\u0435\u043d\u0442\u0443 \u0442\u0430 \u0420\u0430\u0434\u0438 (\u0404\u0421) \u043f\u0440\u043e \u0437\u0430\u0445\u0438\u0441\u0442 \u0444\u0456\u0437\u0438\u0447\u043d\u0438\u0445 \u043e\u0441\u0456\u0431 \u0441\u0442\u043e\u0441\u043e\u0432\u043d\u043e \u0437\u0430\u0445\u0438\u0441\u0442\u0443 \u043f\u0435\u0440\u0441\u043e\u043d\u0430\u043b\u044c\u043d\u0438\u0445 \u0434\u0430\u043d\u0438\u0445 \u0432\u0456\u0434 27 \u043a\u0432\u0456\u0442\u043d\u044f 2016 \u0440\u043e\u043a\u0443 \u043f\u043e\u0432\u0456\u0434\u043e\u043c\u043b\u044f\u044e \u043d\u0430\u0441\u0442\u0443\u043f\u043d\u0435:<\/em><\/h5>\n\n\n\n<ol class=\"wp-block-list\">\n<li>\u0410\u0434\u043c\u0456\u043d\u0456\u0441\u0442\u0440\u0430\u0442\u043e\u0440\u043e\u043c \u0432\u0430\u0448\u0438\u0445 \u043f\u0435\u0440\u0441\u043e\u043d\u0430\u043b\u044c\u043d\u0438\u0445 \u0434\u0430\u043d\u0438\u0445 \u0454 \u043f\u0430\u043d\u0456 \u0410\u043d\u043d\u0430 \u0421\u043e\u043a\u0443\u0440, \u044f\u043a\u0430 \u043a\u0435\u0440\u0443\u0454 \u043f\u0440\u0438\u0432\u0430\u0442\u043d\u0438\u043c \u043f\u0456\u0434\u043f\u0440\u0438\u0454\u043c\u0441\u0442\u0432\u043e\u043c ASALIAN Anna Sokur, \u0449\u043e \u0437\u043d\u0430\u0445\u043e\u0434\u0438\u0442\u044c\u0441\u044f \u0443 \u0412\u0430\u0440\u0448\u0430\u0432\u0456 \u0437\u0430 \u0430\u0434\u0440\u0435\u0441\u043e\u044e \u0432\u0443\u043b. gen. Felicjana S\u0142awoja Sk\u0142adkowskiego 3\/203, \u0442\u0435\u043b.: +48 726 2 726 22, e-mail:&nbsp;<a href=\"mailto:asalian.biuro@gmail.com\">asalian.biuro@gmail.com<\/a>.<\/li>\n\n\n\n<li>&nbsp;\u0412\u0430\u0448\u0456 \u043f\u0435\u0440\u0441\u043e\u043d\u0430\u043b\u044c\u043d\u0456 \u0434\u0430\u043d\u0456, \u043d\u0430\u0434\u0430\u043d\u0456 \u043c\u0435\u043d\u0456 \u043e\u0441\u043e\u0431\u0438\u0441\u0442\u043e, \u0437\u0430 \u0434\u043e\u043f\u043e\u043c\u043e\u0433\u043e\u044e \u0442\u0435\u043b\u0435\u0444\u043e\u043d\u043d\u043e\u0433\u043e \u0437\u0432'\u044f\u0437\u043a\u0443 \u0430\u0431\u043e \u0448\u043b\u044f\u0445\u043e\u043c \u0432\u0456\u0434\u043f\u0440\u0430\u0432\u043b\u0435\u043d\u043d\u044f \u043b\u0438\u0441\u0442\u0430 \u0447\u0438 \u0435\u043b\u0435\u043a\u0442\u0440\u043e\u043d\u043d\u043e\u0457 \u043f\u043e\u0448\u0442\u0438, \u0431\u0443\u0434\u0443\u0442\u044c \u0437\u0431\u0438\u0440\u0430\u0442\u0438\u0441\u044f, \u043e\u0431\u0440\u043e\u0431\u043b\u044f\u0442\u0438\u0441\u044f \u0442\u0430 \u0437\u0431\u0435\u0440\u0456\u0433\u0430\u0442\u0438\u0441\u044f \u0437 \u043c\u0435\u0442\u043e\u044e \u0437\u0432'\u044f\u0437\u043a\u0443 \u0437 \u0412\u0430\u043c\u0438, \u0437 \u043c\u0435\u0442\u043e\u044e \u043b\u0438\u0441\u0442\u0443\u0432\u0430\u043d\u043d\u044f \u0437 \u0412\u0430\u043c\u0438 \u0442\u0430 \u0437 \u043c\u0435\u0442\u043e\u044e \u0432\u0438\u043a\u043e\u043d\u0430\u043d\u043d\u044f \u043f\u0435\u0440\u0435\u043a\u043b\u0430\u0434\u0443 \u0430\u0431\u043e \u043d\u0430\u0434\u0430\u043d\u043d\u044f \u0431\u0443\u0434\u044c-\u044f\u043a\u043e\u0457 \u0456\u043d\u0448\u043e\u0457 \u043f\u043e\u0441\u043b\u0443\u0433\u0438, \u0443\u0437\u0433\u043e\u0434\u0436\u0435\u043d\u043e\u0457 \u0437 \u0412\u0430\u043c\u0438, \u0431\u0443\u0434\u0443\u0442\u044c \u043e\u0431\u0440\u043e\u0431\u043b\u044f\u0442\u0438\u0441\u044f \u0437 \u043c\u0435\u0442\u043e\u044e \u0432\u0438\u043a\u043e\u043d\u0430\u043d\u043d\u044f \u0434\u043e\u0433\u043e\u0432\u043e\u0440\u0443 - \u043d\u0430 \u043f\u0456\u0434\u0441\u0442\u0430\u0432\u0456 \u0441\u0442\u0430\u0442\u0442\u0456 6 \u0430\u0431\u0437. 1 \u043f. \"b\" \u041f\u043e\u0441\u0442\u0430\u043d\u043e\u0432\u0438 \u0430\u0431\u043e \u0443 \u0437\u0432'\u044f\u0437\u043a\u0443 \u0437 \u0437\u0430\u043a\u043e\u043d\u043d\u0438\u043c \u0456\u043d\u0442\u0435\u0440\u0435\u0441\u043e\u043c \u043a\u043e\u043d\u0442\u0440\u043e\u043b\u0435\u0440\u0430 \u043d\u0430 \u043f\u0456\u0434\u0441\u0442\u0430\u0432\u0456 \u0441\u0442\u0430\u0442\u0442\u0456 6 \u0430\u0431\u0437. 1 \u043f. \"f\" \u041f\u043e\u0441\u0442\u0430\u043d\u043e\u0432\u0438.<\/li>\n\n\n\n<li>\u041e\u0434\u0435\u0440\u0436\u0443\u0432\u0430\u0447\u0430\u043c\u0438 \u0412\u0430\u0448\u0438\u0445 \u043f\u0435\u0440\u0441\u043e\u043d\u0430\u043b\u044c\u043d\u0438\u0445 \u0434\u0430\u043d\u0438\u0445 \u0431\u0443\u0434\u0443\u0442\u044c \u0441\u0443\u0431'\u0454\u043a\u0442\u0438, \u044f\u043a\u0456 \u043c\u0430\u044e\u0442\u044c \u043f\u0440\u0430\u0432\u043e \u043d\u0430 \u043e\u0442\u0440\u0438\u043c\u0430\u043d\u043d\u044f \u043f\u0435\u0440\u0441\u043e\u043d\u0430\u043b\u044c\u043d\u0438\u0445 \u0434\u0430\u043d\u0438\u0445 \u043d\u0430 \u043f\u0456\u0434\u0441\u0442\u0430\u0432\u0456 \u0437\u0430\u043a\u043e\u043d\u0443, \u0441\u0443\u0431'\u0454\u043a\u0442\u0438, \u0437 \u044f\u043a\u0438\u043c\u0438 \u0443\u043a\u043b\u0430\u0434\u0435\u043d\u043e \u0434\u043e\u0433\u043e\u0432\u0456\u0440 \u043d\u0430 \u043e\u0431\u0440\u043e\u0431\u043a\u0443 \u0434\u0430\u043d\u0438\u0445, \u0430 \u0442\u0430\u043a\u043e\u0436 \u0441\u0443\u0431'\u0454\u043a\u0442\u0438, \u044f\u043a\u0456 \u043d\u0430\u0434\u0430\u044e\u0442\u044c \u0442\u0435\u0445\u043d\u0456\u0447\u043d\u0443 \u0442\u0430 \u0406\u0422-\u043f\u0456\u0434\u0442\u0440\u0438\u043c\u043a\u0443 (\u0445\u043e\u0441\u0442\u0438\u043d\u0433, \u043f\u0456\u0434\u0442\u0440\u0438\u043c\u043a\u0430 \u0442\u0430 \u043e\u0431\u0441\u043b\u0443\u0433\u043e\u0432\u0443\u0432\u0430\u043d\u043d\u044f \u0406\u0422-\u0441\u0438\u0441\u0442\u0435\u043c).<\/li>\n\n\n\n<li>\u0412\u0430\u0448\u0456 \u043f\u0435\u0440\u0441\u043e\u043d\u0430\u043b\u044c\u043d\u0456 \u0434\u0430\u043d\u0456 \u0437\u0431\u0435\u0440\u0456\u0433\u0430\u0442\u0438\u043c\u0443\u0442\u044c\u0441\u044f \u043f\u0440\u043e\u0442\u044f\u0433\u043e\u043c 4 \u0440\u043e\u043a\u0456\u0432 \u0432\u0456\u0434 \u0437\u0430\u043a\u0456\u043d\u0447\u0435\u043d\u043d\u044f \u043a\u0430\u043b\u0435\u043d\u0434\u0430\u0440\u043d\u043e\u0433\u043e \u0440\u043e\u043a\u0443, \u0432 \u044f\u043a\u043e\u043c\u0443 \u0446\u0456 \u0434\u0430\u043d\u0456 \u0431\u0443\u043b\u0438 \u0437\u0456\u0431\u0440\u0430\u043d\u0456, \u0430\u0431\u043e \u043d\u0430 \u043f\u0456\u0434\u0441\u0442\u0430\u0432\u0456 \u0437\u0430\u043a\u043e\u043d\u043d\u043e\u0433\u043e \u0456\u043d\u0442\u0435\u0440\u0435\u0441\u0443 \u0410\u0434\u043c\u0456\u043d\u0456\u0441\u0442\u0440\u0430\u0442\u043e\u0440\u0430. \u0423 \u0440\u0430\u0437\u0456 \u0432\u0438\u043d\u0438\u043a\u043d\u0435\u043d\u043d\u044f \u043f\u0440\u0435\u0442\u0435\u043d\u0437\u0456\u0439 - \u043b\u0438\u0441\u0442\u0443\u0432\u0430\u043d\u043d\u044f, \u044f\u043a\u0435 \u0454 \u0434\u043e\u043a\u0430\u0437\u043e\u043c \u0443 \u0441\u043f\u0440\u0430\u0432\u0456, \u043c\u043e\u0436\u0435 \u043e\u0431\u0440\u043e\u0431\u043b\u044f\u0442\u0438\u0441\u044f \u0434\u043e\u0432\u0448\u0435.<\/li>\n\n\n\n<li>\u0412\u0438 \u043c\u0430\u0454\u0442\u0435 \u043f\u0440\u0430\u0432\u043e \u0432\u0438\u043c\u0430\u0433\u0430\u0442\u0438 \u0432\u0456\u0434 \u0410\u0434\u043c\u0456\u043d\u0456\u0441\u0442\u0440\u0430\u0442\u043e\u0440\u0430 \u0434\u043e\u0441\u0442\u0443\u043f \u0434\u043e \u0441\u0432\u043e\u0457\u0445 \u043e\u0441\u043e\u0431\u0438\u0441\u0442\u0438\u0445 \u0434\u0430\u043d\u0438\u0445, \u043f\u0440\u0430\u0432\u043e \u0432\u0438\u043f\u0440\u0430\u0432\u043b\u0435\u043d\u043d\u044f, \u0432\u0438\u0434\u0430\u043b\u0435\u043d\u043d\u044f \u0430\u0431\u043e \u043e\u0431\u043c\u0435\u0436\u0435\u043d\u043d\u044f \u0457\u0445 \u043e\u0431\u0440\u043e\u0431\u043a\u0438.<\/li>\n\n\n\n<li>\u0412\u0438 \u043c\u0430\u0454\u0442\u0435 \u043f\u0440\u0430\u0432\u043e \u0432\u0456\u0434\u043a\u043b\u0438\u043a\u0430\u0442\u0438 \u0441\u0432\u043e\u044e \u0437\u0433\u043e\u0434\u0443 \u0432 \u0431\u0443\u0434\u044c-\u044f\u043a\u0438\u0439 \u0447\u0430\u0441, \u0449\u043e \u043d\u0435 \u0432\u043f\u043b\u0438\u0432\u0430\u0454 \u043d\u0430 \u0437\u0430\u043a\u043e\u043d\u043d\u0456\u0441\u0442\u044c \u043e\u0431\u0440\u043e\u0431\u043a\u0438 \u043d\u0430 \u043e\u0441\u043d\u043e\u0432\u0456 \u0437\u0433\u043e\u0434\u0438 \u0434\u043e \u0457\u0457 \u0432\u0456\u0434\u043a\u043b\u0438\u043a\u0430\u043d\u043d\u044f.<\/li>\n\n\n\n<li>\u0412\u0438 \u043c\u0430\u0454\u0442\u0435 \u043f\u0440\u0430\u0432\u043e \u043f\u043e\u0434\u0430\u0442\u0438 \u0441\u043a\u0430\u0440\u0433\u0443 \u0434\u043e \u043d\u0430\u0433\u043b\u044f\u0434\u043e\u0432\u043e\u0433\u043e \u043e\u0440\u0433\u0430\u043d\u0443, \u044f\u043a\u0438\u043c \u0454 \u0413\u043e\u043b\u043e\u0432\u0430 \u0423\u043f\u0440\u0430\u0432\u043b\u0456\u043d\u043d\u044f \u0437\u0430\u0445\u0438\u0441\u0442\u0443 \u043f\u0435\u0440\u0441\u043e\u043d\u0430\u043b\u044c\u043d\u0438\u0445 \u0434\u0430\u043d\u0438\u0445 \u0456\u0437 \u044e\u0440\u0438\u0434\u0438\u0447\u043d\u043e\u044e \u0430\u0434\u0440\u0435\u0441\u043e\u044e (00-193) \u0443 \u0412\u0430\u0440\u0448\u0430\u0432\u0456, \u043d\u0430 \u0432\u0443\u043b\u0438\u0446\u0456 \u0421\u0442\u0430\u0432\u043a\u0438 2.<\/li>\n\n\n\n<li>\u041d\u0430\u0434\u0430\u043d\u043d\u044f \u043f\u0435\u0440\u0441\u043e\u043d\u0430\u043b\u044c\u043d\u0438\u0445 \u0434\u0430\u043d\u0438\u0445 \u0454 \u0434\u043e\u0431\u0440\u043e\u0432\u0456\u043b\u044c\u043d\u0438\u043c, \u043e\u0434\u043d\u0430\u043a \u0432\u0456\u0434\u043c\u043e\u0432\u0430 \u0432\u0456\u0434 \u043d\u0430\u0434\u0430\u043d\u043d\u044f \u0434\u0430\u043d\u0438\u0445 \u043c\u043e\u0436\u0435 \u043f\u0440\u0438\u0437\u0432\u0435\u0441\u0442\u0438 \u0434\u043e \u043d\u0435\u043f\u0440\u0438\u0439\u043d\u044f\u0442\u0442\u044f \u0440\u0456\u0448\u0435\u043d\u043d\u044f \u043f\u0440\u043e \u0443\u043a\u043b\u0430\u0434\u0435\u043d\u043d\u044f \u0434\u043e\u0433\u043e\u0432\u043e\u0440\u0443.<\/li>\n\n\n\n<li>\u0414\u0430\u043d\u0456, \u043d\u0430\u0434\u0456\u0441\u043b\u0430\u043d\u0456 \u0432 \u043a\u043e\u043d\u0442\u0430\u043a\u0442\u043d\u0456\u0439 \u0444\u043e\u0440\u043c\u0456, \u043d\u0435 \u043e\u0431\u0440\u043e\u0431\u043b\u044f\u0442\u0438\u043c\u0443\u0442\u044c\u0441\u044f \u0432 \u0430\u0432\u0442\u043e\u043c\u0430\u0442\u0438\u0437\u043e\u0432\u0430\u043d\u0438\u0439 \u0441\u043f\u043e\u0441\u0456\u0431, \u0449\u043e \u043c\u043e\u0436\u0435 \u043f\u0440\u0438\u0437\u0432\u0435\u0441\u0442\u0438 \u0434\u043e \u0440\u0456\u0448\u0435\u043d\u044c, \u044f\u043a\u0456 \u043c\u0430\u044e\u0442\u044c \u044e\u0440\u0438\u0434\u0438\u0447\u043d\u0456 \u043d\u0430\u0441\u043b\u0456\u0434\u043a\u0438, \u0430\u0431\u043e \u0456\u043d\u0448\u0438\u043c \u0447\u0438\u043d\u043e\u043c \u0441\u0443\u0442\u0442\u0454\u0432\u043e \u0432\u043f\u043b\u0438\u043d\u0443\u0442\u0438 \u043d\u0430 \u0412\u0430\u0448\u0443 \u0441\u0438\u0442\u0443\u0430\u0446\u0456\u044e. \u041d\u0430\u0434\u0456\u0441\u043b\u0430\u043d\u0430 \u0456\u043d\u0444\u043e\u0440\u043c\u0430\u0446\u0456\u044f \u043e\u0431\u0440\u043e\u0431\u043b\u044f\u0454\u0442\u044c\u0441\u044f \u043a\u043e\u043d\u0444\u0456\u0434\u0435\u043d\u0446\u0456\u0439\u043d\u043e \u0442\u0430 \u043d\u0430\u043b\u0435\u0436\u043d\u0438\u043c \u0447\u0438\u043d\u043e\u043c \u0437\u0430\u0445\u0438\u0449\u0435\u043d\u0430. <\/li>\n\n\n\n<li>\u0410\u0434\u043c\u0456\u043d\u0456\u0441\u0442\u0440\u0430\u0442\u043e\u0440 \u043d\u0435 \u043f\u0435\u0440\u0435\u0434\u0430\u0432\u0430\u0442\u0438\u043c\u0435 \u0412\u0430\u0448\u0456 \u043f\u0435\u0440\u0441\u043e\u043d\u0430\u043b\u044c\u043d\u0456 \u0434\u0430\u043d\u0456 \u0442\u0440\u0435\u0442\u0456\u043c \u043a\u0440\u0430\u0457\u043d\u0430\u043c, \u0442\u043e\u0431\u0442\u043e \u0437\u0430 \u043c\u0435\u0436\u0456 \u0404\u0415\u0417, \u0430\u0431\u043e \u043c\u0456\u0436\u043d\u0430\u0440\u043e\u0434\u043d\u0438\u043c \u043e\u0440\u0433\u0430\u043d\u0456\u0437\u0430\u0446\u0456\u044f\u043c. \u042f\u043a\u0449\u043e \u0443 \u0412\u0430\u0441 \u0432\u0438\u043d\u0438\u043a\u043b\u0438 \u0437\u0430\u043f\u0438\u0442\u0430\u043d\u043d\u044f \u0449\u043e\u0434\u043e \u043e\u0431\u0440\u043e\u0431\u043a\u0438 \u0434\u0430\u043d\u0438\u0445, \u0437\u0432\u2019\u044f\u0436\u0456\u0442\u044c\u0441\u044f \u0437\u0456 \u043c\u043d\u043e\u044e \u0447\u0435\u0440\u0435\u0437 \u0435\u043b\u0435\u043a\u0442\u0440\u043e\u043d\u043d\u0443 \u043f\u043e\u0448\u0442\u0443 <a href=\"mailto:asalian.biuro@gmail.com\">asalian.biuro@gmail.com<\/a>.<\/li>\n<\/ol>","protected":false},"excerpt":{"rendered":"<p>\u0412\u0456\u0434\u043f\u043e\u0432\u0456\u0434\u043d\u043e \u0434\u043e \u0441\u0442\u0430\u0442\u0442\u0456 13 \u041f\u043e\u0441\u0442\u0430\u043d\u043e\u0432\u0438 \u0404\u0432\u0440\u043e\u043f\u0435\u0439\u0441\u044c\u043a\u043e\u0433\u043e \u041f\u0430\u0440\u043b\u0430\u043c\u0435\u043d\u0442\u0443 \u0442\u0430 \u0420\u0430\u0434\u0438 (\u0404\u0421) \u043f\u0440\u043e \u0437\u0430\u0445\u0438\u0441\u0442 \u0444\u0456\u0437\u0438\u0447\u043d\u0438\u0445 \u043e\u0441\u0456\u0431 \u0441\u0442\u043e\u0441\u043e\u0432\u043d\u043e \u0437\u0430\u0445\u0438\u0441\u0442\u0443 \u043f\u0435\u0440\u0441\u043e\u043d\u0430\u043b\u044c\u043d\u0438\u0445 \u0434\u0430\u043d\u0438\u0445 \u0432\u0456\u0434 27 \u043a\u0432\u0456\u0442\u043d\u044f 2016 \u0440\u043e\u043a\u0443 \u043f\u043e\u0432\u0456\u0434\u043e\u043c\u043b\u044f\u044e \u043d\u0430\u0441\u0442\u0443\u043f\u043d\u0435:<\/p>","protected":false},"author":2,"featured_media":0,"parent":0,"menu_order":0,"comment_status":"closed","ping_status":"closed","template":"","meta":{"om_disable_all_campaigns":false,"inline_featured_image":false,"_uag_custom_page_level_css":"","_monsterinsights_skip_tracking":false,"_monsterinsights_sitenote_active":false,"_monsterinsights_sitenote_note":"","_monsterinsights_sitenote_category":0,"site-sidebar-layout":"default","site-content-layout":"","ast-site-content-layout":"default","site-content-style":"default","site-sidebar-style":"default","ast-global-header-display":"","ast-banner-title-visibility":"","ast-main-header-display":"","ast-hfb-above-header-display":"","ast-hfb-below-header-display":"","ast-hfb-mobile-header-display":"","site-post-title":"","ast-breadcrumbs-content":"","ast-featured-img":"","footer-sml-layout":"","ast-disable-related-posts":"","theme-transparent-header-meta":"","adv-header-id-meta":"","stick-header-meta":"","header-above-stick-meta":"","header-main-stick-meta":"","header-below-stick-meta":"","astra-migrate-meta-layouts":"default","ast-page-background-enabled":"default","ast-page-background-meta":{"desktop":{"background-color":"var(--ast-global-color-4)","background-image":"","background-repeat":"repeat","background-position":"center center","background-size":"auto","background-attachment":"scroll","background-type":"","background-media":"","overlay-type":"","overlay-color":"","overlay-opacity":"","overlay-gradient":""},"tablet":{"background-color":"","background-image":"","background-repeat":"repeat","background-position":"center center","background-size":"auto","background-attachment":"scroll","background-type":"","background-media":"","overlay-type":"","overlay-color":"","overlay-opacity":"","overlay-gradient":""},"mobile":{"background-color":"","background-image":"","background-repeat":"repeat","background-position":"center center","background-size":"auto","background-attachment":"scroll","background-type":"","background-media":"","overlay-type":"","overlay-color":"","overlay-opacity":"","overlay-gradient":""}},"ast-content-background-meta":{"desktop":{"background-color":"var(--ast-global-color-5)","background-image":"","background-repeat":"repeat","background-position":"center center","background-size":"auto","background-attachment":"scroll","background-type":"","background-media":"","overlay-type":"","overlay-color":"","overlay-opacity":"","overlay-gradient":""},"tablet":{"background-color":"var(--ast-global-color-5)","background-image":"","background-repeat":"repeat","background-position":"center center","background-size":"auto","background-attachment":"scroll","background-type":"","background-media":"","overlay-type":"","overlay-color":"","overlay-opacity":"","overlay-gradient":""},"mobile":{"background-color":"var(--ast-global-color-5)","background-image":"","background-repeat":"repeat","background-position":"center center","background-size":"auto","background-attachment":"scroll","background-type":"","background-media":"","overlay-type":"","overlay-color":"","overlay-opacity":"","overlay-gradient":""}},"footnotes":""},"class_list":["post-1551","page","type-page","status-publish","hentry"],"aioseo_notices":[],"uagb_featured_image_src":{"full":false,"thumbnail":false,"medium":false,"medium_large":false,"large":false,"1536x1536":false,"2048x2048":false,"trp-custom-language-flag":false,"awb_sm":false,"awb_md":false,"awb_lg":false,"awb_xl":false},"uagb_author_info":{"display_name":"anna.sokur","author_link":"https:\/\/ania-tlumaczy.pl\/uk\/author\/anna-sokur\/"},"uagb_comment_info":0,"uagb_excerpt":"Zgodnie z&nbsp;art. 13 Rozporz\u0105dzenia Parlamentu Europejskiego i&nbsp;Rady (UE) w&nbsp;sprawie ochrony os\u00f3b fizycznych w&nbsp;zwi\u0105zku z&nbsp;ochron\u0105 danych osobowych&nbsp;&nbsp;z&nbsp;dnia 27 kwietnia 2016&nbsp;r. informuj\u0119, i\u017c:","jetpack_sharing_enabled":true,"jetpack_likes_enabled":true,"jetpack-related-posts":[{"id":3,"url":"https:\/\/ania-tlumaczy.pl\/uk\/privacy-policy\/","url_meta":{"origin":1551,"position":0},"title":"\u041f\u043e\u043b\u0456\u0442\u0438\u043a\u0430 \u043a\u043e\u043d\u0444\u0456\u0434\u0435\u043d\u0446\u0456\u0439\u043d\u043e\u0441\u0442\u0456","author":"admin","date":"05\/10\/2023","format":false,"excerpt":"Niniejsza polityka prywatno\u015bci i plik\u00f3w cookies opisuje zasady post\u0119powania z danymi osobowymi oraz wykorzystywania plik\u00f3w cookies i innych technologii w ramach strony internetowej www.ania-tlumaczy.pl. Administratorem strony jest Anna Sokur, prowadz\u0105ca jednoosobow\u0105 dzia\u0142alno\u015b\u0107 gospodarcz\u0105 pod nazw\u0105 ASALIAN Anna Sokur, ul. gen. Felicjana S\u0142awoja Sk\u0142adkowskiego 3\/203, 02-497 Warszawa, NIP: 118 214 24\u2026","rel":"","context":"\u0421\u0445\u043e\u0436\u0438\u0439 \u0437\u0430\u043f\u0438\u0441","block_context":{"text":"\u0421\u0445\u043e\u0436\u0438\u0439 \u0437\u0430\u043f\u0438\u0441","link":""},"img":{"alt_text":"","src":"","width":0,"height":0},"classes":[]},{"id":1306,"url":"https:\/\/ania-tlumaczy.pl\/uk\/about-us\/","url_meta":{"origin":1551,"position":1},"title":"\u041f\u0440\u043e \u043c\u0435\u043d\u0435","author":"anna.sokur","date":"14\/08\/2023","format":false,"excerpt":"Profesjonalny t\u0142umacz przysi\u0119g\u0142y Moje warto\u015bci Dok\u0142adno\u015b\u0107Rygorystyczna kontrola jako\u015bci t\u0142umacze\u0144 gwarantuj\u0105 dok\u0142adno\u015b\u0107 w procesie t\u0142umaczenia. W celu zachowania zgodno\u015bci dokumentacji proponuj\u0119 klientom dodatkow\u0105 mo\u017cliwo\u015b\u0107 sprawdzenia wersji elektronicznej t\u0142umaczenia przed odbiorem osobistym. Zaanga\u017cowanieAnga\u017cuj\u0119 si\u0119 w wykonanie ka\u017cdego t\u0142umaczenia, \u017ceby spe\u0142nia\u0107 potrzeby moich klient\u00f3w. Zawsze pozostaj\u0119 do dyspozycji i s\u0142u\u017c\u0119 pomoc\u0105 swoim klientom\u2026","rel":"","context":"\u0421\u0445\u043e\u0436\u0438\u0439 \u0437\u0430\u043f\u0438\u0441","block_context":{"text":"\u0421\u0445\u043e\u0436\u0438\u0439 \u0437\u0430\u043f\u0438\u0441","link":""},"img":{"alt_text":"","src":"https:\/\/i0.wp.com\/ania-tlumaczy.pl\/wp-content\/uploads\/2024\/02\/KDR_Tu-honorujemy-Karte-Duzej-Rodziny.jpg?resize=350%2C200&ssl=1","width":350,"height":200,"srcset":"https:\/\/i0.wp.com\/ania-tlumaczy.pl\/wp-content\/uploads\/2024\/02\/KDR_Tu-honorujemy-Karte-Duzej-Rodziny.jpg?resize=350%2C200&ssl=1 1x, https:\/\/i0.wp.com\/ania-tlumaczy.pl\/wp-content\/uploads\/2024\/02\/KDR_Tu-honorujemy-Karte-Duzej-Rodziny.jpg?resize=525%2C300&ssl=1 1.5x, https:\/\/i0.wp.com\/ania-tlumaczy.pl\/wp-content\/uploads\/2024\/02\/KDR_Tu-honorujemy-Karte-Duzej-Rodziny.jpg?resize=700%2C400&ssl=1 2x"},"classes":[]},{"id":1307,"url":"https:\/\/ania-tlumaczy.pl\/uk\/services\/","url_meta":{"origin":1551,"position":2},"title":"\u041f\u043e\u0441\u043b\u0443\u0433\u0438","author":"anna.sokur","date":"14\/08\/2023","format":false,"excerpt":"Us\u0142ugi t\u0142umacza przysi\u0119g\u0142ego 01. T\u0142umaczenie dokument\u00f3w urz\u0119dowych Zajmuj\u0119 si\u0119 t\u0142umaczeniem pe\u0142nych i skr\u00f3conych odpis\u00f3w akt\u00f3w ma\u0142\u017ce\u0144stwa, pe\u0142nych i skr\u00f3conych odpis\u00f3w akt\u00f3w urodzenia, wyrok\u00f3w s\u0105dowych, dyplom\u00f3w i \u015bwiadectw i innych dokument\u00f3w, dla kt\u00f3rych wymagane jest po\u015bwiadczenie t\u0142umacza przysi\u0119g\u0142ego. T\u0142umaczenie prawa jazdy T\u0142umaczenie odpisu aktu ma\u0142\u017ce\u0144stwa T\u0142umaczenie odpisu aktu urodzenia 02. T\u0142umaczenie\u2026","rel":"","context":"\u0421\u0445\u043e\u0436\u0438\u0439 \u0437\u0430\u043f\u0438\u0441","block_context":{"text":"\u0421\u0445\u043e\u0436\u0438\u0439 \u0437\u0430\u043f\u0438\u0441","link":""},"img":{"alt_text":"","src":"https:\/\/i0.wp.com\/ania-tlumaczy.pl\/wp-content\/uploads\/2023\/11\/Firefly-20231120231649.png?resize=350%2C200&ssl=1","width":350,"height":200,"srcset":"https:\/\/i0.wp.com\/ania-tlumaczy.pl\/wp-content\/uploads\/2023\/11\/Firefly-20231120231649.png?resize=350%2C200&ssl=1 1x, https:\/\/i0.wp.com\/ania-tlumaczy.pl\/wp-content\/uploads\/2023\/11\/Firefly-20231120231649.png?resize=525%2C300&ssl=1 1.5x, https:\/\/i0.wp.com\/ania-tlumaczy.pl\/wp-content\/uploads\/2023\/11\/Firefly-20231120231649.png?resize=700%2C400&ssl=1 2x"},"classes":[]},{"id":1304,"url":"https:\/\/ania-tlumaczy.pl\/uk\/","url_meta":{"origin":1551,"position":3},"title":"\u0413\u043e\u043b\u043e\u0432\u043d\u0430","author":"anna.sokur","date":"14\/08\/2023","format":false,"excerpt":"Profesjonalny t\u0142umacz przysi\u0119g\u0142y T\u0142umaczenia po\u015bwiadczone na j\u0119zyk ukrai\u0144ski Skontaktuj si\u0119 Darmowa wycena ju\u017c dzi\u015b!+48 726 2 726 22 Wed\u0142ug opinii klient\u00f3w 5\/5 gwiazdek Poniedzia\u0142ek - pi\u0105tek9:00 - 19:00 Profesjonalne Us\u0142ugi t\u0142umacza przysi\u0119g\u0142ego T\u0142umaczenie pisemne T\u0142umaczenie odpis\u00f3w akt\u00f3w T\u0142umaczenie dyplom\u00f3w i \u015bwiadectw T\u0142umaczenie prawa jazdy T\u0142umaczenie ustne T\u0142umaczenie akt\u00f3w notarialnych T\u0142umaczenie\u2026","rel":"","context":"\u0421\u0445\u043e\u0436\u0438\u0439 \u0437\u0430\u043f\u0438\u0441","block_context":{"text":"\u0421\u0445\u043e\u0436\u0438\u0439 \u0437\u0430\u043f\u0438\u0441","link":""},"img":{"alt_text":"t\u0142umacz przysi\u0119g\u0142y ukrai\u0144skiego","src":"https:\/\/i0.wp.com\/ania-tlumaczy.pl\/wp-content\/uploads\/2023\/11\/3839649-3839649-scaled-1.jpg?resize=350%2C200&ssl=1","width":350,"height":200},"classes":[]},{"id":1461,"url":"https:\/\/ania-tlumaczy.pl\/uk\/cennik\/","url_meta":{"origin":1551,"position":4},"title":"\u0426\u0456\u043d\u043d\u0438\u043a","author":"anna.sokur","date":"10\/11\/2023","format":false,"excerpt":"Cennik Wysy\u0142ka do paczkomatu Bezpo\u015bredni kontakt z t\u0142umaczem Terminowa realizacja Cennik us\u0142ug t\u0142umacza przysi\u0119g\u0142ego T\u0142umaczenie pisemne na polski Najcz\u0119\u015bciej spotykane dokumenty: Prawo jazdy Odpis aktu urodzenia Odpis aktu ma\u0142\u017ce\u0144stwa OD 50 PLN\/ STRONA T\u0141UMACZENIOWA T\u0142umaczenie pisemne z polskiego Najcz\u0119\u015bciej spotykane dokumenty: Odpis zupe\u0142ny aktu ma\u0142\u017ce\u0144stwa Odpis zupe\u0142ny aktu urodzenia Odpis\u2026","rel":"","context":"\u0421\u0445\u043e\u0436\u0438\u0439 \u0437\u0430\u043f\u0438\u0441","block_context":{"text":"\u0421\u0445\u043e\u0436\u0438\u0439 \u0437\u0430\u043f\u0438\u0441","link":""},"img":{"alt_text":"","src":"https:\/\/i0.wp.com\/ania-tlumaczy.pl\/wp-content\/uploads\/2023\/11\/Firefly-kobieta-odbiera-list-z-paczkomatu-zdjecie-56838.jpg?resize=350%2C200&ssl=1","width":350,"height":200,"srcset":"https:\/\/i0.wp.com\/ania-tlumaczy.pl\/wp-content\/uploads\/2023\/11\/Firefly-kobieta-odbiera-list-z-paczkomatu-zdjecie-56838.jpg?resize=350%2C200&ssl=1 1x, https:\/\/i0.wp.com\/ania-tlumaczy.pl\/wp-content\/uploads\/2023\/11\/Firefly-kobieta-odbiera-list-z-paczkomatu-zdjecie-56838.jpg?resize=525%2C300&ssl=1 1.5x, https:\/\/i0.wp.com\/ania-tlumaczy.pl\/wp-content\/uploads\/2023\/11\/Firefly-kobieta-odbiera-list-z-paczkomatu-zdjecie-56838.jpg?resize=700%2C400&ssl=1 2x, https:\/\/i0.wp.com\/ania-tlumaczy.pl\/wp-content\/uploads\/2023\/11\/Firefly-kobieta-odbiera-list-z-paczkomatu-zdjecie-56838.jpg?resize=1050%2C600&ssl=1 3x, https:\/\/i0.wp.com\/ania-tlumaczy.pl\/wp-content\/uploads\/2023\/11\/Firefly-kobieta-odbiera-list-z-paczkomatu-zdjecie-56838.jpg?resize=1400%2C800&ssl=1 4x"},"classes":[]},{"id":20,"url":"https:\/\/ania-tlumaczy.pl\/uk\/contact\/","url_meta":{"origin":1551,"position":5},"title":"\u041a\u043e\u043d\u0442\u0430\u043a\u0442\u0438","author":"anna.sokur","date":"14\/08\/2023","format":false,"excerpt":"Skontaktuj si\u0119 ze swoim t\u0142umaczem Informacje kontaktowe Telefon +48 726 2 726 22 Rozmowa w WhatsApp Email asalian.biuro@gmail.com Adres ul. Lalki 5\/3, 02-495 Warszawa WYCE\u0143 I ZAM\u00d3W T\u0141UMACZENIE KLAUZULA INFORMACYJNA | POLITYKA PRYWATNO\u015aCI","rel":"","context":"\u0421\u0445\u043e\u0436\u0438\u0439 \u0437\u0430\u043f\u0438\u0441","block_context":{"text":"\u0421\u0445\u043e\u0436\u0438\u0439 \u0437\u0430\u043f\u0438\u0441","link":""},"img":{"alt_text":"","src":"","width":0,"height":0},"classes":[]}],"_links":{"self":[{"href":"https:\/\/ania-tlumaczy.pl\/uk\/wp-json\/wp\/v2\/pages\/1551","targetHints":{"allow":["GET"]}}],"collection":[{"href":"https:\/\/ania-tlumaczy.pl\/uk\/wp-json\/wp\/v2\/pages"}],"about":[{"href":"https:\/\/ania-tlumaczy.pl\/uk\/wp-json\/wp\/v2\/types\/page"}],"author":[{"embeddable":true,"href":"https:\/\/ania-tlumaczy.pl\/uk\/wp-json\/wp\/v2\/users\/2"}],"replies":[{"embeddable":true,"href":"https:\/\/ania-tlumaczy.pl\/uk\/wp-json\/wp\/v2\/comments?post=1551"}],"version-history":[{"count":1,"href":"https:\/\/ania-tlumaczy.pl\/uk\/wp-json\/wp\/v2\/pages\/1551\/revisions"}],"predecessor-version":[{"id":2093,"href":"https:\/\/ania-tlumaczy.pl\/uk\/wp-json\/wp\/v2\/pages\/1551\/revisions\/2093"}],"wp:attachment":[{"href":"https:\/\/ania-tlumaczy.pl\/uk\/wp-json\/wp\/v2\/media?parent=1551"}],"curies":[{"name":"wp","href":"https:\/\/api.w.org\/{rel}","templated":true}]}}