{"id":20,"date":"2023-08-14T06:26:23","date_gmt":"2023-08-14T06:26:23","guid":{"rendered":"https:\/\/fert-fremont-568r.zipwp.dev\/?page_id=20"},"modified":"2024-10-29T09:16:37","modified_gmt":"2024-10-29T08:16:37","slug":"contact","status":"publish","type":"page","link":"https:\/\/ania-tlumaczy.pl\/pl_pl\/contact\/","title":{"rendered":"Kontakt"},"content":{"rendered":"\n<div class=\"wp-block-uagb-container uagb-block-4c3875af alignfull uagb-is-root-container\"><div class=\"uagb-container-inner-blocks-wrap\">\n<div class=\"wp-block-uagb-advanced-heading uagb-block-36237826\"><h1 class=\"uagb-heading-text\">Skontaktuj si\u0119 ze swoim t\u0142umaczem<\/h1><\/div>\n<\/div><\/div>\n\n\n\n<div class=\"wp-block-uagb-container uagb-block-1a11f3d8 alignfull uagb-is-root-container\"><div class=\"uagb-container-inner-blocks-wrap\">\n<div class=\"wp-block-uagb-advanced-heading uagb-block-be17e915\"><h2 class=\"uagb-heading-text\">Informacje kontaktowe<\/h2><\/div>\n\n\n\n<div class=\"wp-block-uagb-container uagb-block-1e2e2be7\">\n<div class=\"wp-block-uagb-container uagb-block-53e62d0c\">      \n\t\t\t<div class=\"uagb-icon-wrapper uagb-block-2fcf18a8  wp-block-uagb-icon--has-margin    \"\n\t\t\tstyle=\"\" >\n\t\t\t\t\t\t\t\t<div class='uagb-icon-margin-wrapper'>\n\t\t\t\t\t\t\t\t\t<span class=\"uagb-svg-wrapper\" \n\t\t\t\t\t aria-label=\"phone\"\t\t\t\t\ttabindex=\"0\">\t\t\n\t\t\t\t\t\t\t\t\t\t<svg xmlns=\"https:\/\/www.w3.org\/2000\/svg\" viewBox= \"0 0 512 512\" role=\"graphics-symbol\" aria-hidden=\"false\" aria-label=\"\"><path d=\"M511.2 387l-23.25 100.8c-3.266 14.25-15.79 24.22-30.46 24.22C205.2 512 0 306.8 0 54.5c0-14.66 9.969-27.2 24.22-30.45l100.8-23.25C139.7-2.602 154.7 5.018 160.8 18.92l46.52 108.5c5.438 12.78 1.77 27.67-8.98 36.45L144.5 207.1c33.98 69.22 90.26 125.5 159.5 159.5l44.08-53.8c8.688-10.78 23.69-14.51 36.47-8.975l108.5 46.51C506.1 357.2 514.6 372.4 511.2 387z\"><\/path><\/svg>\n\t\t\t\t\t\t\t\t\t<\/span>\n\t\t\t\t\t\t\t\t<\/div>\n\t\t\t\t\t\t\t<\/div>\n\t\t\t\n\n\n<div class=\"wp-block-uagb-advanced-heading uagb-block-dc9a4b63\"><h5 class=\"uagb-heading-text\">Telefon<\/h5><\/div>\n\n\n\n<div class=\"wp-block-uagb-advanced-heading uagb-block-f8bb13a1 linkirodo\"><h4 class=\"uagb-heading-text\"><a href=\"tel:+48726272622\">+48 726 2 726 22<\/a><\/h4><\/div>\n\n\n\n<div class=\"wp-block-jetpack-send-a-message\">\n<div class=\"wp-block-jetpack-whatsapp-button aligncenter is-color-light\"><a class=\"whatsapp-block__button\" href=\"https:\/\/api.whatsapp.com\/send?phone=48726262622&amp;text=Dzie%C5%84%20dobry!%20Chcia%C5%82bym%20zam%C3%B3wi%C4%87%20t%C5%82umaczenie%2C%20ale%20mam%20jeszcze%20kilka%20pyta%C5%84.\" style=\"background-color:#FFFFFF;color:#465B64\" target=\"_blank\" rel=\"noopener noreferrer\">Rozmowa w WhatsApp<\/a><\/div>\n<\/div>\n<\/div>\n\n\n\n<div class=\"wp-block-uagb-container uagb-block-53fedfa2\">      \n\t\t\t<div class=\"uagb-icon-wrapper uagb-block-ce99dbb3  wp-block-uagb-icon--has-margin    \"\n\t\t\tstyle=\"\" >\n\t\t\t\t\t\t\t\t<div class='uagb-icon-margin-wrapper'>\n\t\t\t\t\t\t\t\t\t<span class=\"uagb-svg-wrapper\" \n\t\t\t\t\t aria-label=\"envelope\"\t\t\t\t\ttabindex=\"0\">\t\t\n\t\t\t\t\t\t\t\t\t\t<svg xmlns=\"https:\/\/www.w3.org\/2000\/svg\" viewBox= \"0 0 512 512\" role=\"graphics-symbol\" aria-hidden=\"false\" aria-label=\"\"><path d=\"M464 64C490.5 64 512 85.49 512 112C512 127.1 504.9 141.3 492.8 150.4L275.2 313.6C263.8 322.1 248.2 322.1 236.8 313.6L19.2 150.4C7.113 141.3 0 127.1 0 112C0 85.49 21.49 64 48 64H464zM217.6 339.2C240.4 356.3 271.6 356.3 294.4 339.2L512 176V384C512 419.3 483.3 448 448 448H64C28.65 448 0 419.3 0 384V176L217.6 339.2z\"><\/path><\/svg>\n\t\t\t\t\t\t\t\t\t<\/span>\n\t\t\t\t\t\t\t\t<\/div>\n\t\t\t\t\t\t\t<\/div>\n\t\t\t\n\n\n<div class=\"wp-block-uagb-advanced-heading uagb-block-7167cc0b\"><h5 class=\"uagb-heading-text\">Email<\/h5><\/div>\n\n\n\n<div class=\"wp-block-uagb-advanced-heading uagb-block-572bb274 linkirodo\"><h4 class=\"uagb-heading-text\"><a href=\"mailto:asalian.biuro@gmail.com\">asalian.biuro@gmail.com<\/a><\/h4><\/div>\n<\/div>\n\n\n\n<div class=\"wp-block-uagb-container uagb-block-eeb9712c\">      \n\t\t\t<div class=\"uagb-icon-wrapper uagb-block-82de1e83  wp-block-uagb-icon--has-margin    \"\n\t\t\tstyle=\"\" >\n\t\t\t\t\t\t\t\t<div class='uagb-icon-margin-wrapper'>\n\t\t\t\t\t\t\t\t\t<span class=\"uagb-svg-wrapper\" \n\t\t\t\t\t aria-label=\"location-dot\"\t\t\t\t\ttabindex=\"0\">\t\t\n\t\t\t\t\t\t\t\t\t\t<svg xmlns=\"https:\/\/www.w3.org\/2000\/svg\" viewBox= \"0 0 384 512\" role=\"graphics-symbol\" aria-hidden=\"false\" aria-label=\"\"><path d=\"M168.3 499.2C116.1 435 0 279.4 0 192C0 85.96 85.96 0 192 0C298 0 384 85.96 384 192C384 279.4 267 435 215.7 499.2C203.4 514.5 180.6 514.5 168.3 499.2H168.3zM192 256C227.3 256 256 227.3 256 192C256 156.7 227.3 128 192 128C156.7 128 128 156.7 128 192C128 227.3 156.7 256 192 256z\"><\/path><\/svg>\n\t\t\t\t\t\t\t\t\t<\/span>\n\t\t\t\t\t\t\t\t<\/div>\n\t\t\t\t\t\t\t<\/div>\n\t\t\t\n\n\n<div class=\"wp-block-uagb-advanced-heading uagb-block-049fb430\"><h5 class=\"uagb-heading-text\">Adres<\/h5><\/div>\n\n\n\n<div class=\"wp-block-uagb-advanced-heading uagb-block-df83ae67\"><h4 class=\"uagb-heading-text\">ul. Lalki 5\/3, 02-495 Warszawa<\/h4><\/div>\n<\/div>\n<\/div>\n<\/div><\/div>\n\n\n\n<div class=\"wp-block-uagb-container uagb-block-edae5b83 alignfull uagb-is-root-container\"><div class=\"uagb-container-inner-blocks-wrap\">\n<div class=\"wp-block-uagb-advanced-heading uagb-block-92588f0c\"><h2 class=\"uagb-heading-text\">WYCE\u0143 I ZAM\u00d3W T\u0141UMACZENIE<\/h2><\/div>\n\n\n\n<div class=\"wp-block-uagb-container uagb-block-3c5d6802\">\n<div class=\"wp-block-contact-form-7-contact-form-selector\">\n<div class=\"wpcf7 no-js\" id=\"wpcf7-f1630-o1\" lang=\"pl-PL\" dir=\"ltr\" data-wpcf7-id=\"1630\">\n<div class=\"screen-reader-response\"><p role=\"status\" aria-live=\"polite\" aria-atomic=\"true\"><\/p> <ul><\/ul><\/div>\n<form action=\"\/pl_pl\/wp-json\/wp\/v2\/pages\/20#wpcf7-f1630-o1\" method=\"post\" class=\"wpcf7-form init contactForm\" id=\"contactForm\" name=\"contactForm\" aria-label=\"contactForm\" novalidate=\"novalidate\" data-status=\"init\">\n<fieldset class=\"hidden-fields-container\"><input type=\"hidden\" name=\"_wpcf7\" value=\"1630\" \/><input type=\"hidden\" name=\"_wpcf7_version\" value=\"6.1.5\" \/><input type=\"hidden\" name=\"_wpcf7_locale\" value=\"pl_PL\" \/><input type=\"hidden\" name=\"_wpcf7_unit_tag\" value=\"wpcf7-f1630-o1\" \/><input type=\"hidden\" name=\"_wpcf7_container_post\" value=\"0\" \/><input type=\"hidden\" name=\"_wpcf7_posted_data_hash\" value=\"\" \/><input type=\"hidden\" name=\"_wpcf7_recaptcha_response\" value=\"\" \/>\n<\/fieldset>\n<p><label> Twoje imi\u0119 i nazwisko<br \/>\n<span class=\"wpcf7-form-control-wrap\" data-name=\"your-name\"><input size=\"40\" maxlength=\"400\" class=\"wpcf7-form-control wpcf7-text wpcf7-validates-as-required\" autocomplete=\"name\" aria-required=\"true\" aria-invalid=\"false\" value=\"\" type=\"text\" name=\"your-name\" \/><\/span> <\/label>\n<\/p>\n<p><label> Tw\u00f3j adres e-mail<br \/>\n<span class=\"wpcf7-form-control-wrap\" data-name=\"your-email\"><input size=\"40\" maxlength=\"400\" class=\"wpcf7-form-control wpcf7-email wpcf7-validates-as-required wpcf7-text wpcf7-validates-as-email\" autocomplete=\"email\" aria-required=\"true\" aria-invalid=\"false\" value=\"\" type=\"email\" name=\"your-email\" \/><\/span> <\/label>\n<\/p>\n<p><label> Temat<br \/>\n<span class=\"wpcf7-form-control-wrap\" data-name=\"your-subject\"><input size=\"40\" maxlength=\"400\" class=\"wpcf7-form-control wpcf7-text wpcf7-validates-as-required\" aria-required=\"true\" aria-invalid=\"false\" value=\"\" type=\"text\" name=\"your-subject\" \/><\/span> <\/label>\n<\/p>\n<p><label> Twoja wiadomo\u015bci (opcjonalne)<br \/>\n<span class=\"wpcf7-form-control-wrap\" data-name=\"your-message\"><textarea cols=\"40\" rows=\"10\" maxlength=\"2000\" class=\"wpcf7-form-control wpcf7-textarea\" aria-invalid=\"false\" name=\"your-message\"><\/textarea><\/span> <\/label>\n<\/p>\n<p><span class=\"wpcf7-form-control-wrap\" data-name=\"upload-file-828\"><input size=\"40\" class=\"wpcf7-form-control wpcf7-drag-n-drop-file d-none container-files\" id=\"contact-files\" aria-required=\"true\" aria-invalid=\"false\" type=\"file\" multiple=\"multiple\" data-name=\"upload-file-828\" data-type=\"pdf|doc|jpg|jpeg|xls|xlsx\" data-limit=\"10000000\" data-min=\"1\" data-id=\"1630\" data-version=\"free version 1.3.9.6\" accept=\".pdf, .doc, .jpg, .jpeg, .xls, .xlsx\" data-black-list=\"exe|bat|com\" \/><\/span>\n<\/p>\n<p><input class=\"wpcf7-form-control wpcf7-submit has-spinner\" type=\"submit\" value=\"Wy\u015blij\" \/>\n<\/p><p style=\"display: none !important;\" class=\"akismet-fields-container\" data-prefix=\"_wpcf7_ak_\"><label>&#916;<textarea name=\"_wpcf7_ak_hp_textarea\" cols=\"45\" rows=\"8\" maxlength=\"100\"><\/textarea><\/label><input type=\"hidden\" id=\"ak_js_1\" name=\"_wpcf7_ak_js\" value=\"18\"\/><script>document.getElementById( \"ak_js_1\" ).setAttribute( \"value\", ( new Date() ).getTime() );<\/script><\/p><div class=\"wpcf7-response-output\" aria-hidden=\"true\"><\/div>\n<\/form>\n<\/div>\n<\/div>\n<\/div>\n<\/div><\/div>\n\n\n\n<h6 class=\"wp-block-heading linkirodo\" style=\"margin-top:var(--wp--preset--spacing--50);margin-right:var(--wp--preset--spacing--20);margin-left:var(--wp--preset--spacing--20)\"><a href=\"https:\/\/ania-tlumaczy.pl\/klauzula-rodo\/\" data-type=\"page\" data-id=\"1551\">KLAUZULA INFORMACYJNA<\/a> | <a href=\"https:\/\/ania-tlumaczy.pl\/privacy-policy\/\" data-type=\"page\" data-id=\"3\">POLITYKA PRYWATNO\u015aCI<\/a><\/h6>\n\n\n\n<div class=\"wp-block-uagb-container uagb-block-9caa1a47 alignfull uagb-is-root-container\"><div class=\"uagb-container-inner-blocks-wrap\">\n<div class=\"wp-block-uagb-advanced-heading uagb-block-1ed0e64e\"><h5 class=\"uagb-heading-text\">Skontaktuj si\u0119 ze mn\u0105<\/h5><\/div>\n\n\n\n<div class=\"wp-block-uagb-advanced-heading uagb-block-3a57683f\"><h2 class=\"uagb-heading-text\">Potrzebujesz t\u0142umacza przysi\u0119g\u0142ego? Skontaktuj si\u0119 ju\u017c dzi\u015b!<\/h2><\/div>\n\n\n\n<div class=\"wp-block-uagb-buttons uagb-buttons__outer-wrap uagb-btn__default-btn uagb-btn-tablet__default-btn uagb-btn-mobile__default-btn uagb-block-9979be0d\"><div class=\"uagb-buttons__wrap uagb-buttons-layout-wrap\">\n<div class=\"wp-block-uagb-buttons-child uagb-buttons__outer-wrap uagb-block-84fd34e5 wp-block-button\"><div class=\"uagb-button__wrapper\"><a class=\"uagb-buttons-repeater wp-block-button__link\" href=\"https:\/\/ania-tlumaczy.pl\/contact\/\" onclick=\"return true;\" rel=\"follow noopener\" target=\"_self\"><div class=\"uagb-button__link\">Skontaktuj si\u0119<\/div><\/a><\/div><\/div>\n<\/div><\/div>\n\n\n\n<div class=\"wp-block-uagb-advanced-heading uagb-block-838a0a13 telkonpl\"><div class=\"uagb-separator\"><\/div><h4 class=\"uagb-heading-text\">Darmowa wycena: <br><a href=\"tel:+48726272622\">+48 726 2 726 22<\/a>   <br><a href=\"mailto:asalian.biuro@gmail.com\">asalian.biuro@gmail.com<\/a><\/h4><\/div>\n<\/div><\/div>\n","protected":false},"excerpt":{"rendered":"<p>Skontaktuj si\u0119 ze swoim t\u0142umaczem Informacje kontaktowe Telefon +48 726 2 726 22 Email asalian.biuro@gmail.com Adres ul. Lalki 5\/3, 02-495 Warszawa WYCE\u0143 I ZAM\u00d3W T\u0141UMACZENIE KLAUZULA INFORMACYJNA | POLITYKA PRYWATNO\u015aCI<\/p>\n","protected":false},"author":2,"featured_media":0,"parent":0,"menu_order":0,"comment_status":"closed","ping_status":"closed","template":"","meta":{"om_disable_all_campaigns":false,"inline_featured_image":false,"_uag_custom_page_level_css":".telkonpl a{\n\ttext-decoration: none; \n\tcolor: #FFFFFF;\n}\n\n.telkonpl a:hover{\n\tcolor: #FFA6B0;\n\ttext-decoration: underline;\n}\n\n.telkonpl a:visited{\n\tcolor: #FFFFFF;\t\n\ttext-decoration: none;\n}\n\n.linkirodo a{\n\tcolor: #334155;\n\ttext-decoration: none;\n}\n\n.linkirodo a:hover{\n\tcolor: #FFA6B0\n\t\t!important;\n\ttext-decoration: underline;\n}\n\n.linkirodo a:visited{\n\tcolor: #334155;\t\n\ttext-decoration: none;\n}","_monsterinsights_skip_tracking":false,"_monsterinsights_sitenote_active":false,"_monsterinsights_sitenote_note":"","_monsterinsights_sitenote_category":0,"site-sidebar-layout":"default","site-content-layout":"plain-container","ast-site-content-layout":"normal-width-container","site-content-style":"unboxed","site-sidebar-style":"unboxed","ast-global-header-display":"","ast-banner-title-visibility":"disabled","ast-main-header-display":"","ast-hfb-above-header-display":"","ast-hfb-below-header-display":"","ast-hfb-mobile-header-display":"","site-post-title":"","ast-breadcrumbs-content":"","ast-featured-img":"","footer-sml-layout":"","ast-disable-related-posts":"","theme-transparent-header-meta":"","adv-header-id-meta":"","stick-header-meta":"","header-above-stick-meta":"","header-main-stick-meta":"","header-below-stick-meta":"","astra-migrate-meta-layouts":"set","ast-page-background-enabled":"default","ast-page-background-meta":{"desktop":{"background-color":"var(--ast-global-color-4)","background-image":"","background-repeat":"repeat","background-position":"center center","background-size":"auto","background-attachment":"scroll","background-type":"","background-media":"","overlay-type":"","overlay-color":"","overlay-opacity":"","overlay-gradient":""},"tablet":{"background-color":"","background-image":"","background-repeat":"repeat","background-position":"center center","background-size":"auto","background-attachment":"scroll","background-type":"","background-media":"","overlay-type":"","overlay-color":"","overlay-opacity":"","overlay-gradient":""},"mobile":{"background-color":"","background-image":"","background-repeat":"repeat","background-position":"center center","background-size":"auto","background-attachment":"scroll","background-type":"","background-media":"","overlay-type":"","overlay-color":"","overlay-opacity":"","overlay-gradient":""}},"ast-content-background-meta":{"desktop":{"background-color":"var(--ast-global-color-5)","background-image":"","background-repeat":"repeat","background-position":"center center","background-size":"auto","background-attachment":"scroll","background-type":"","background-media":"","overlay-type":"","overlay-color":"","overlay-opacity":"","overlay-gradient":""},"tablet":{"background-color":"var(--ast-global-color-5)","background-image":"","background-repeat":"repeat","background-position":"center center","background-size":"auto","background-attachment":"scroll","background-type":"","background-media":"","overlay-type":"","overlay-color":"","overlay-opacity":"","overlay-gradient":""},"mobile":{"background-color":"var(--ast-global-color-5)","background-image":"","background-repeat":"repeat","background-position":"center center","background-size":"auto","background-attachment":"scroll","background-type":"","background-media":"","overlay-type":"","overlay-color":"","overlay-opacity":"","overlay-gradient":""}},"footnotes":""},"class_list":["post-20","page","type-page","status-publish","hentry"],"aioseo_notices":[],"uagb_featured_image_src":{"full":false,"thumbnail":false,"medium":false,"medium_large":false,"large":false,"1536x1536":false,"2048x2048":false,"trp-custom-language-flag":false,"awb_sm":false,"awb_md":false,"awb_lg":false,"awb_xl":false},"uagb_author_info":{"display_name":"anna.sokur","author_link":"https:\/\/ania-tlumaczy.pl\/pl_pl\/author\/anna-sokur\/"},"uagb_comment_info":0,"uagb_excerpt":"Skontaktuj si\u0119 ze swoim t\u0142umaczem Informacje kontaktowe Telefon +48 726 2 726 22 Email asalian.biuro@gmail.com Adres ul. Lalki 5\/3, 02-495 Warszawa WYCE\u0143 I ZAM\u00d3W T\u0141UMACZENIE KLAUZULA INFORMACYJNA | POLITYKA PRYWATNO\u015aCI","jetpack_sharing_enabled":true,"jetpack_likes_enabled":true,"jetpack-related-posts":[{"id":1461,"url":"https:\/\/ania-tlumaczy.pl\/pl_pl\/cennik\/","url_meta":{"origin":20,"position":0},"title":"Cennik","author":"anna.sokur","date":"10\/11\/2023","format":false,"excerpt":"Cennik Wysy\u0142ka do paczkomatu Bezpo\u015bredni kontakt z t\u0142umaczem Terminowa realizacja Cennik us\u0142ug t\u0142umacza przysi\u0119g\u0142ego T\u0142umaczenie pisemne na polski Najcz\u0119\u015bciej spotykane dokumenty: Prawo jazdy Odpis aktu urodzenia Odpis aktu ma\u0142\u017ce\u0144stwa OD 50 PLN\/ STRONA T\u0141UMACZENIOWA T\u0142umaczenie pisemne z polskiego Najcz\u0119\u015bciej spotykane dokumenty: Odpis zupe\u0142ny aktu ma\u0142\u017ce\u0144stwa Odpis zupe\u0142ny aktu urodzenia Odpis\u2026","rel":"","context":"Podobny wpis","block_context":{"text":"Podobny wpis","link":""},"img":{"alt_text":"","src":"https:\/\/i0.wp.com\/ania-tlumaczy.pl\/wp-content\/uploads\/2023\/11\/Firefly-kobieta-odbiera-list-z-paczkomatu-zdjecie-56838.jpg?resize=350%2C200&ssl=1","width":350,"height":200,"srcset":"https:\/\/i0.wp.com\/ania-tlumaczy.pl\/wp-content\/uploads\/2023\/11\/Firefly-kobieta-odbiera-list-z-paczkomatu-zdjecie-56838.jpg?resize=350%2C200&ssl=1 1x, https:\/\/i0.wp.com\/ania-tlumaczy.pl\/wp-content\/uploads\/2023\/11\/Firefly-kobieta-odbiera-list-z-paczkomatu-zdjecie-56838.jpg?resize=525%2C300&ssl=1 1.5x, https:\/\/i0.wp.com\/ania-tlumaczy.pl\/wp-content\/uploads\/2023\/11\/Firefly-kobieta-odbiera-list-z-paczkomatu-zdjecie-56838.jpg?resize=700%2C400&ssl=1 2x, https:\/\/i0.wp.com\/ania-tlumaczy.pl\/wp-content\/uploads\/2023\/11\/Firefly-kobieta-odbiera-list-z-paczkomatu-zdjecie-56838.jpg?resize=1050%2C600&ssl=1 3x, https:\/\/i0.wp.com\/ania-tlumaczy.pl\/wp-content\/uploads\/2023\/11\/Firefly-kobieta-odbiera-list-z-paczkomatu-zdjecie-56838.jpg?resize=1400%2C800&ssl=1 4x"},"classes":[]},{"id":1551,"url":"https:\/\/ania-tlumaczy.pl\/pl_pl\/klauzula-rodo\/","url_meta":{"origin":20,"position":1},"title":"Klauzula informacyjna","author":"anna.sokur","date":"13\/11\/2023","format":false,"excerpt":"Zgodnie z\u00a0art. 13 Rozporz\u0105dzenia Parlamentu Europejskiego i\u00a0Rady (UE) w\u00a0sprawie ochrony os\u00f3b fizycznych w\u00a0zwi\u0105zku z\u00a0ochron\u0105 danych osobowych\u00a0\u00a0z\u00a0dnia 27 kwietnia 2016\u00a0r. informuj\u0119, i\u017c: Administratorem Pani\/Pana danych osobowych\u00a0\u00a0jest Pani Anna Sokur prowadz\u0105ca jednoosobow\u0105 dzia\u0142alno\u015b\u0107 gospodarcza ASALIAN Anna Sokur z\u00a0siedzib\u0105 w Warszawie przy ul. gen. Felicjana S\u0142awoja Sk\u0142adkowskiego 3\/203, tel.: +48 726 2 726\u2026","rel":"","context":"Podobny wpis","block_context":{"text":"Podobny wpis","link":""},"img":{"alt_text":"","src":"","width":0,"height":0},"classes":[]},{"id":3,"url":"https:\/\/ania-tlumaczy.pl\/pl_pl\/privacy-policy\/","url_meta":{"origin":20,"position":2},"title":"Polityka prywatno\u015bci","author":"admin","date":"05\/10\/2023","format":false,"excerpt":"Niniejsza polityka prywatno\u015bci i plik\u00f3w cookies opisuje zasady post\u0119powania z danymi osobowymi oraz wykorzystywania plik\u00f3w cookies i innych technologii w ramach strony internetowej www.ania-tlumaczy.pl. Administratorem strony jest Anna Sokur, prowadz\u0105ca jednoosobow\u0105 dzia\u0142alno\u015b\u0107 gospodarcz\u0105 pod nazw\u0105 ASALIAN Anna Sokur, ul. gen. Felicjana S\u0142awoja Sk\u0142adkowskiego 3\/203, 02-497 Warszawa, NIP: 118 214 24\u2026","rel":"","context":"Podobny wpis","block_context":{"text":"Podobny wpis","link":""},"img":{"alt_text":"","src":"","width":0,"height":0},"classes":[]}],"_links":{"self":[{"href":"https:\/\/ania-tlumaczy.pl\/pl_pl\/wp-json\/wp\/v2\/pages\/20","targetHints":{"allow":["GET"]}}],"collection":[{"href":"https:\/\/ania-tlumaczy.pl\/pl_pl\/wp-json\/wp\/v2\/pages"}],"about":[{"href":"https:\/\/ania-tlumaczy.pl\/pl_pl\/wp-json\/wp\/v2\/types\/page"}],"author":[{"embeddable":true,"href":"https:\/\/ania-tlumaczy.pl\/pl_pl\/wp-json\/wp\/v2\/users\/2"}],"replies":[{"embeddable":true,"href":"https:\/\/ania-tlumaczy.pl\/pl_pl\/wp-json\/wp\/v2\/comments?post=20"}],"version-history":[{"count":1,"href":"https:\/\/ania-tlumaczy.pl\/pl_pl\/wp-json\/wp\/v2\/pages\/20\/revisions"}],"predecessor-version":[{"id":2326,"href":"https:\/\/ania-tlumaczy.pl\/pl_pl\/wp-json\/wp\/v2\/pages\/20\/revisions\/2326"}],"wp:attachment":[{"href":"https:\/\/ania-tlumaczy.pl\/pl_pl\/wp-json\/wp\/v2\/media?parent=20"}],"curies":[{"name":"wp","href":"https:\/\/api.w.org\/{rel}","templated":true}]}}