{"id":1307,"date":"2023-08-14T06:26:12","date_gmt":"2023-08-14T06:26:12","guid":{"rendered":"https:\/\/fert-fremont-568r.zipwp.dev\/?page_id=18"},"modified":"2023-11-28T03:16:31","modified_gmt":"2023-11-28T02:16:31","slug":"services","status":"publish","type":"page","link":"https:\/\/ania-tlumaczy.pl\/pl_pl\/services\/","title":{"rendered":"Us\u0142ugi"},"content":{"rendered":"\n<div class=\"wp-block-uagb-container uagb-block-4c3875af alignfull uagb-is-root-container\"><div class=\"uagb-container-inner-blocks-wrap\">\n<div class=\"wp-block-uagb-advanced-heading uagb-block-36237826\"><h1 class=\"uagb-heading-text\">Us\u0142ugi t\u0142umacza przysi\u0119g\u0142ego<\/h1><\/div>\n<\/div><\/div>\n\n\n\n<div class=\"wp-block-uagb-container uagb-block-771b341f alignfull uagb-is-root-container\"><div class=\"uagb-container-inner-blocks-wrap\">\n<div class=\"wp-block-uagb-container uagb-block-629f17ae\">\n<div class=\"wp-block-uagb-advanced-heading uagb-block-095c9b11\"><h6 class=\"uagb-heading-text\">01.<\/h6><\/div>\n\n\n\n<div class=\"wp-block-uagb-advanced-heading uagb-block-1eb033c6\"><h3 class=\"uagb-heading-text\">T\u0142umaczenie dokument\u00f3w urz\u0119dowych<\/h3><\/div>\n<\/div>\n\n\n\n<div class=\"wp-block-uagb-container uagb-block-df1c0d10\">\n<div class=\"wp-block-uagb-advanced-heading uagb-block-86ccdb5f\"><p class=\"uagb-desc-text\">Zajmuj\u0119 si\u0119 t\u0142umaczeniem pe\u0142nych i skr\u00f3conych odpis\u00f3w akt\u00f3w ma\u0142\u017ce\u0144stwa, pe\u0142nych i skr\u00f3conych odpis\u00f3w akt\u00f3w urodzenia, wyrok\u00f3w s\u0105dowych, dyplom\u00f3w i \u015bwiadectw i innych dokument\u00f3w, dla kt\u00f3rych wymagane jest po\u015bwiadczenie t\u0142umacza przysi\u0119g\u0142ego.<\/p><\/div>\n\n\n\n<div class=\"wp-block-uagb-icon-list uagb-block-0902cf02\"><div class=\"uagb-icon-list__wrap\">\n<div class=\"wp-block-uagb-icon-list-child uagb-block-9ebe25a6\"><span class=\"uagb-icon-list__source-wrap\"><svg xmlns=\"https:\/\/www.w3.org\/2000\/svg\" viewBox=\"0 0 256 512\"><path d=\"M118.6 105.4l128 127.1C252.9 239.6 256 247.8 256 255.1s-3.125 16.38-9.375 22.63l-128 127.1c-9.156 9.156-22.91 11.9-34.88 6.943S64 396.9 64 383.1V128c0-12.94 7.781-24.62 19.75-29.58S109.5 96.23 118.6 105.4z\"><\/path><\/svg><\/span><span class=\"uagb-icon-list__label\">T\u0142umaczenie prawa jazdy<\/span><\/div>\n\n\n\n<div class=\"wp-block-uagb-icon-list-child uagb-block-82b75221\"><span class=\"uagb-icon-list__source-wrap\"><svg xmlns=\"https:\/\/www.w3.org\/2000\/svg\" viewBox=\"0 0 256 512\"><path d=\"M118.6 105.4l128 127.1C252.9 239.6 256 247.8 256 255.1s-3.125 16.38-9.375 22.63l-128 127.1c-9.156 9.156-22.91 11.9-34.88 6.943S64 396.9 64 383.1V128c0-12.94 7.781-24.62 19.75-29.58S109.5 96.23 118.6 105.4z\"><\/path><\/svg><\/span><span class=\"uagb-icon-list__label\">T\u0142umaczenie odpisu aktu ma\u0142\u017ce\u0144stwa<\/span><\/div>\n\n\n\n<div class=\"wp-block-uagb-icon-list-child uagb-block-9ec22de5\"><span class=\"uagb-icon-list__source-wrap\"><svg xmlns=\"https:\/\/www.w3.org\/2000\/svg\" viewBox=\"0 0 256 512\"><path d=\"M118.6 105.4l128 127.1C252.9 239.6 256 247.8 256 255.1s-3.125 16.38-9.375 22.63l-128 127.1c-9.156 9.156-22.91 11.9-34.88 6.943S64 396.9 64 383.1V128c0-12.94 7.781-24.62 19.75-29.58S109.5 96.23 118.6 105.4z\"><\/path><\/svg><\/span><span class=\"uagb-icon-list__label\">T\u0142umaczenie odpisu aktu urodzenia<\/span><\/div>\n<\/div><\/div>\n<\/div>\n\n\n\n<div class=\"wp-block-uagb-container uagb-block-d7d47c8b\">\n<div class=\"wp-block-uagb-image alignleft uagb-block-0a3b0cd1 wp-block-uagb-image--layout-default wp-block-uagb-image--effect-static wp-block-uagb-image--align-left\"><figure class=\"wp-block-uagb-image__figure\"><img data-recalc-dims=\"1\" decoding=\"async\" srcset=\"https:\/\/ania-tlumaczy.pl\/wp-content\/uploads\/2023\/11\/Firefly-20231109024332-1024x1024.png ,https:\/\/ania-tlumaczy.pl\/wp-content\/uploads\/2023\/11\/Firefly-20231109024332.png 780w, https:\/\/ania-tlumaczy.pl\/wp-content\/uploads\/2023\/11\/Firefly-20231109024332.png 360w\" sizes=\"auto, (max-width: 480px) 150px\" src=\"https:\/\/i0.wp.com\/ania-tlumaczy.pl\/wp-content\/uploads\/2023\/11\/Firefly-20231109024332-1024x1024.png?resize=400%2C350&#038;ssl=1\" alt=\"\" class=\"uag-image-1411\" width=\"400\" height=\"350\" title=\"\" loading=\"lazy\"\/><\/figure><\/div>\n<\/div>\n<\/div><\/div>\n\n\n\n<div class=\"wp-block-uagb-container uagb-block-2fb72a63 alignfull uagb-is-root-container\"><div class=\"uagb-container-inner-blocks-wrap\">\n<div class=\"wp-block-uagb-container uagb-block-444bf33a\">\n<div class=\"wp-block-uagb-advanced-heading uagb-block-68ce4681\"><h6 class=\"uagb-heading-text\">02.<\/h6><\/div>\n\n\n\n<div class=\"wp-block-uagb-advanced-heading uagb-block-b2c23e7a\"><h3 class=\"uagb-heading-text\">T\u0142umaczenie ustne<\/h3><\/div>\n<\/div>\n\n\n\n<div class=\"wp-block-uagb-container uagb-block-15e9a846\">\n<div class=\"wp-block-uagb-advanced-heading uagb-block-adc80b2b\"><p class=\"uagb-desc-text\">Zapewniam p\u0142ynn\u0105 komunikacj\u0119 w j\u0119zyku ukrai\u0144skim podczas dokonywania czynno\u015bci notarialnych, spotka\u0144 biznesowych, konferencji i szkole\u0144. Mam do\u015bwiadczenie wsp\u00f3\u0142pracy z r\u00f3\u017cnego rodzaju interesariuszami &#8211; od przedstawicieli s\u0142u\u017cb publicznych do CEO mi\u0119dzynarodowych korporacji.<\/p><\/div>\n\n\n\n<div class=\"wp-block-uagb-icon-list uagb-block-6ed14a3d\"><div class=\"uagb-icon-list__wrap\">\n<div class=\"wp-block-uagb-icon-list-child uagb-block-88cd7c66\"><span class=\"uagb-icon-list__source-wrap\"><svg xmlns=\"https:\/\/www.w3.org\/2000\/svg\" viewBox=\"0 0 256 512\"><path d=\"M118.6 105.4l128 127.1C252.9 239.6 256 247.8 256 255.1s-3.125 16.38-9.375 22.63l-128 127.1c-9.156 9.156-22.91 11.9-34.88 6.943S64 396.9 64 383.1V128c0-12.94 7.781-24.62 19.75-29.58S109.5 96.23 118.6 105.4z\"><\/path><\/svg><\/span><span class=\"uagb-icon-list__label\">T\u0142umaczenie umowy najmu okazjonalnego<\/span><\/div>\n\n\n\n<div class=\"wp-block-uagb-icon-list-child uagb-block-27aae3af\"><span class=\"uagb-icon-list__source-wrap\"><svg xmlns=\"https:\/\/www.w3.org\/2000\/svg\" viewBox=\"0 0 256 512\"><path d=\"M118.6 105.4l128 127.1C252.9 239.6 256 247.8 256 255.1s-3.125 16.38-9.375 22.63l-128 127.1c-9.156 9.156-22.91 11.9-34.88 6.943S64 396.9 64 383.1V128c0-12.94 7.781-24.62 19.75-29.58S109.5 96.23 118.6 105.4z\"><\/path><\/svg><\/span><span class=\"uagb-icon-list__label\">T\u0142umaczenie szkolenia<\/span><\/div>\n\n\n\n<div class=\"wp-block-uagb-icon-list-child uagb-block-f1247d9f\"><span class=\"uagb-icon-list__source-wrap\"><svg xmlns=\"https:\/\/www.w3.org\/2000\/svg\" viewBox=\"0 0 256 512\"><path d=\"M118.6 105.4l128 127.1C252.9 239.6 256 247.8 256 255.1s-3.125 16.38-9.375 22.63l-128 127.1c-9.156 9.156-22.91 11.9-34.88 6.943S64 396.9 64 383.1V128c0-12.94 7.781-24.62 19.75-29.58S109.5 96.23 118.6 105.4z\"><\/path><\/svg><\/span><span class=\"uagb-icon-list__label\">T\u0142umaczenie na spotkaniu<\/span><\/div>\n<\/div><\/div>\n<\/div>\n\n\n\n<div class=\"wp-block-uagb-container uagb-block-9bc44bbc\">\n<div class=\"wp-block-uagb-image alignleft uagb-block-297db8c2 wp-block-uagb-image--layout-default wp-block-uagb-image--effect-static wp-block-uagb-image--align-left\"><figure class=\"wp-block-uagb-image__figure\"><img data-recalc-dims=\"1\" decoding=\"async\" srcset=\"https:\/\/ania-tlumaczy.pl\/wp-content\/uploads\/2023\/11\/Firefly-Businessman-talking-with-two-women-sitting-in-front-of-the-desk-all-in-business-casual-siuts-1024x1024.jpg ,https:\/\/ania-tlumaczy.pl\/wp-content\/uploads\/2023\/11\/Firefly-Businessman-talking-with-two-women-sitting-in-front-of-the-desk-all-in-business-casual-siuts.jpg 780w, https:\/\/ania-tlumaczy.pl\/wp-content\/uploads\/2023\/11\/Firefly-Businessman-talking-with-two-women-sitting-in-front-of-the-desk-all-in-business-casual-siuts.jpg 360w\" sizes=\"auto, (max-width: 480px) 150px\" src=\"https:\/\/i0.wp.com\/ania-tlumaczy.pl\/wp-content\/uploads\/2023\/11\/Firefly-Businessman-talking-with-two-women-sitting-in-front-of-the-desk-all-in-business-casual-siuts-1024x1024.jpg?resize=400%2C350&#038;ssl=1\" alt=\"\" class=\"uag-image-1782\" width=\"400\" height=\"350\" title=\"\" loading=\"lazy\"\/><\/figure><\/div>\n<\/div>\n<\/div><\/div>\n\n\n\n<div class=\"wp-block-uagb-container uagb-block-b3da6d16 alignfull uagb-is-root-container\"><div class=\"uagb-container-inner-blocks-wrap\">\n<div class=\"wp-block-uagb-container uagb-block-6ee086f7\">\n<div class=\"wp-block-uagb-advanced-heading uagb-block-82474127\"><h6 class=\"uagb-heading-text\">03.<\/h6><\/div>\n\n\n\n<div class=\"wp-block-uagb-advanced-heading uagb-block-80be36df\"><h3 class=\"uagb-heading-text\">T\u0142umaczenie dokument\u00f3w biznesowych<\/h3><\/div>\n<\/div>\n\n\n\n<div class=\"wp-block-uagb-container uagb-block-62327c65\">\n<div class=\"wp-block-uagb-advanced-heading uagb-block-cd581b9a\"><p class=\"uagb-desc-text\">\u015awiadcz\u0119 us\u0142ugi t\u0142umaczenia dokument\u00f3w ksi\u0119gowych, um\u00f3w, upowa\u017cnie\u0144 i innych tekst\u00f3w biznesowych. Moje do\u015bwiadczenie zapewnia precyzyjne t\u0142umaczenia spe\u0142niaj\u0105ce wymagania klient\u00f3w.<\/p><\/div>\n\n\n\n<div class=\"wp-block-uagb-icon-list uagb-block-fda1caa0\"><div class=\"uagb-icon-list__wrap\">\n<div class=\"wp-block-uagb-icon-list-child uagb-block-b3188e60\"><span class=\"uagb-icon-list__source-wrap\"><svg xmlns=\"https:\/\/www.w3.org\/2000\/svg\" viewBox=\"0 0 256 512\"><path d=\"M118.6 105.4l128 127.1C252.9 239.6 256 247.8 256 255.1s-3.125 16.38-9.375 22.63l-128 127.1c-9.156 9.156-22.91 11.9-34.88 6.943S64 396.9 64 383.1V128c0-12.94 7.781-24.62 19.75-29.58S109.5 96.23 118.6 105.4z\"><\/path><\/svg><\/span><span class=\"uagb-icon-list__label\">T\u0142umaczenie dokument\u00f3w ksi\u0119gowych<\/span><\/div>\n\n\n\n<div class=\"wp-block-uagb-icon-list-child uagb-block-7d1f73aa\"><span class=\"uagb-icon-list__source-wrap\"><svg xmlns=\"https:\/\/www.w3.org\/2000\/svg\" viewBox=\"0 0 256 512\"><path d=\"M118.6 105.4l128 127.1C252.9 239.6 256 247.8 256 255.1s-3.125 16.38-9.375 22.63l-128 127.1c-9.156 9.156-22.91 11.9-34.88 6.943S64 396.9 64 383.1V128c0-12.94 7.781-24.62 19.75-29.58S109.5 96.23 118.6 105.4z\"><\/path><\/svg><\/span><span class=\"uagb-icon-list__label\">T\u0142umaczenie um\u00f3w cywilnoprawnych<\/span><\/div>\n\n\n\n<div class=\"wp-block-uagb-icon-list-child uagb-block-f7651f7b\"><span class=\"uagb-icon-list__source-wrap\"><svg xmlns=\"https:\/\/www.w3.org\/2000\/svg\" viewBox=\"0 0 256 512\"><path d=\"M118.6 105.4l128 127.1C252.9 239.6 256 247.8 256 255.1s-3.125 16.38-9.375 22.63l-128 127.1c-9.156 9.156-22.91 11.9-34.88 6.943S64 396.9 64 383.1V128c0-12.94 7.781-24.62 19.75-29.58S109.5 96.23 118.6 105.4z\"><\/path><\/svg><\/span><span class=\"uagb-icon-list__label\">T\u0142umaczenie upowa\u017cnie\u0144<\/span><\/div>\n<\/div><\/div>\n<\/div>\n\n\n\n<div class=\"wp-block-uagb-container uagb-block-3c4515ee\">\n<div class=\"wp-block-uagb-image alignleft uagb-block-a9c5d409 wp-block-uagb-image--layout-default wp-block-uagb-image--effect-static wp-block-uagb-image--align-left\"><figure class=\"wp-block-uagb-image__figure\"><img data-recalc-dims=\"1\" decoding=\"async\" srcset=\"https:\/\/ania-tlumaczy.pl\/wp-content\/uploads\/2023\/11\/Firefly-podpisanie-umowy-u-notariusza-foto-38465-1024x1024.jpg ,https:\/\/ania-tlumaczy.pl\/wp-content\/uploads\/2023\/11\/Firefly-podpisanie-umowy-u-notariusza-foto-38465.jpg 780w, https:\/\/ania-tlumaczy.pl\/wp-content\/uploads\/2023\/11\/Firefly-podpisanie-umowy-u-notariusza-foto-38465.jpg 360w\" sizes=\"auto, (max-width: 480px) 150px\" src=\"https:\/\/i0.wp.com\/ania-tlumaczy.pl\/wp-content\/uploads\/2023\/11\/Firefly-podpisanie-umowy-u-notariusza-foto-38465-1024x1024.jpg?resize=400%2C350&#038;ssl=1\" alt=\"\" class=\"uag-image-1409\" width=\"400\" height=\"350\" title=\"\" loading=\"lazy\"\/><\/figure><\/div>\n<\/div>\n<\/div><\/div>\n\n\n\n<div class=\"wp-block-uagb-container uagb-block-b58ce995 alignfull uagb-is-root-container\"><div class=\"uagb-container-inner-blocks-wrap\">\n<div class=\"wp-block-uagb-container uagb-block-6e38b6b0\">\n<div class=\"wp-block-uagb-advanced-heading uagb-block-74b9e92d\"><h6 class=\"uagb-heading-text\">04.<\/h6><\/div>\n\n\n\n<div class=\"wp-block-uagb-advanced-heading uagb-block-5f84e353\"><h3 class=\"uagb-heading-text\">T\u0142umaczenie zwyk\u0142e <\/h3><\/div>\n<\/div>\n\n\n\n<div class=\"wp-block-uagb-container uagb-block-a4cea4e4\">\n<div class=\"wp-block-uagb-advanced-heading uagb-block-50aec271\"><p class=\"uagb-desc-text\">Oferuj\u0119 jako\u015bciowe t\u0142umaczenia zwyk\u0142e w zakresie materia\u0142\u00f3w reklamowych, nagra\u0144, stron internetowych i aplikacji. Jestem osob\u0105 obyt\u0105 z nowoczesnymi technologiami, co pozwala mi na dostosowanie si\u0119 do praktycznie ka\u017cdego formatu wykonania t\u0142umaczenia. <\/p><\/div>\n\n\n\n<div class=\"wp-block-uagb-icon-list uagb-block-b39c7ae2\"><div class=\"uagb-icon-list__wrap\">\n<div class=\"wp-block-uagb-icon-list-child uagb-block-466f1082\"><span class=\"uagb-icon-list__source-wrap\"><svg xmlns=\"https:\/\/www.w3.org\/2000\/svg\" viewBox=\"0 0 256 512\"><path d=\"M118.6 105.4l128 127.1C252.9 239.6 256 247.8 256 255.1s-3.125 16.38-9.375 22.63l-128 127.1c-9.156 9.156-22.91 11.9-34.88 6.943S64 396.9 64 383.1V128c0-12.94 7.781-24.62 19.75-29.58S109.5 96.23 118.6 105.4z\"><\/path><\/svg><\/span><span class=\"uagb-icon-list__label\">T\u0142umaczenie stron internetowych i aplikacji<\/span><\/div>\n\n\n\n<div class=\"wp-block-uagb-icon-list-child uagb-block-b337dc38\"><span class=\"uagb-icon-list__source-wrap\"><svg xmlns=\"https:\/\/www.w3.org\/2000\/svg\" viewBox=\"0 0 256 512\"><path d=\"M118.6 105.4l128 127.1C252.9 239.6 256 247.8 256 255.1s-3.125 16.38-9.375 22.63l-128 127.1c-9.156 9.156-22.91 11.9-34.88 6.943S64 396.9 64 383.1V128c0-12.94 7.781-24.62 19.75-29.58S109.5 96.23 118.6 105.4z\"><\/path><\/svg><\/span><span class=\"uagb-icon-list__label\">T\u0142umaczenie nagra\u0144<\/span><\/div>\n\n\n\n<div class=\"wp-block-uagb-icon-list-child uagb-block-12ececd8\"><span class=\"uagb-icon-list__source-wrap\"><svg xmlns=\"https:\/\/www.w3.org\/2000\/svg\" viewBox=\"0 0 256 512\"><path d=\"M118.6 105.4l128 127.1C252.9 239.6 256 247.8 256 255.1s-3.125 16.38-9.375 22.63l-128 127.1c-9.156 9.156-22.91 11.9-34.88 6.943S64 396.9 64 383.1V128c0-12.94 7.781-24.62 19.75-29.58S109.5 96.23 118.6 105.4z\"><\/path><\/svg><\/span><span class=\"uagb-icon-list__label\">T\u0142umaczenie materia\u0142\u00f3w reklamowych<\/span><\/div>\n<\/div><\/div>\n<\/div>\n\n\n\n<div class=\"wp-block-uagb-container uagb-block-28682938\">\n<div class=\"wp-block-uagb-image aligncenter uagb-block-b986cf24 wp-block-uagb-image--layout-default wp-block-uagb-image--effect-static wp-block-uagb-image--align-center\"><figure class=\"wp-block-uagb-image__figure\"><img data-recalc-dims=\"1\" decoding=\"async\" srcset=\"https:\/\/ania-tlumaczy.pl\/wp-content\/uploads\/2023\/11\/Firefly-20231120231649.png ,https:\/\/ania-tlumaczy.pl\/wp-content\/uploads\/2023\/11\/Firefly-20231120231649.png 780w, https:\/\/ania-tlumaczy.pl\/wp-content\/uploads\/2023\/11\/Firefly-20231120231649.png 360w\" sizes=\"auto, (max-width: 480px) 150px\" src=\"https:\/\/i0.wp.com\/ania-tlumaczy.pl\/wp-content\/uploads\/2023\/11\/Firefly-20231120231649.png?resize=400%2C350&#038;ssl=1\" alt=\"\" class=\"uag-image-1789\" width=\"400\" height=\"350\" title=\"\" loading=\"lazy\"\/><\/figure><\/div>\n<\/div>\n<\/div><\/div>\n\n\n\n<div class=\"wp-block-uagb-container uagb-block-9caa1a47 alignfull uagb-is-root-container\"><div class=\"uagb-container-inner-blocks-wrap\">\n<div class=\"wp-block-uagb-advanced-heading uagb-block-1ed0e64e\"><h5 class=\"uagb-heading-text\">Skontaktuj si\u0119 ze mn\u0105<\/h5><\/div>\n\n\n\n<div class=\"wp-block-uagb-advanced-heading uagb-block-3a57683f\"><h2 class=\"uagb-heading-text\">Potrzebujesz t\u0142umacza przysi\u0119g\u0142ego? Skontaktuj si\u0119 ju\u017c dzi\u015b!<\/h2><\/div>\n\n\n\n<div class=\"wp-block-uagb-buttons uagb-buttons__outer-wrap uagb-btn__default-btn uagb-btn-tablet__default-btn uagb-btn-mobile__default-btn uagb-block-9979be0d\"><div class=\"uagb-buttons__wrap uagb-buttons-layout-wrap\">\n<div class=\"wp-block-uagb-buttons-child uagb-buttons__outer-wrap uagb-block-84fd34e5 wp-block-button\"><div class=\"uagb-button__wrapper\"><a class=\"uagb-buttons-repeater wp-block-button__link\" href=\"https:\/\/ania-tlumaczy.pl\/contact\/\" onclick=\"return true;\" rel=\"follow noopener\" target=\"_self\"><div class=\"uagb-button__link\">Skontaktuj si\u0119<\/div><\/a><\/div><\/div>\n<\/div><\/div>\n\n\n\n<div class=\"wp-block-uagb-advanced-heading uagb-block-838a0a13 telkonpl\"><div class=\"uagb-separator\"><\/div><h4 class=\"uagb-heading-text\">Darmowa wycena: <br><a href=\"tel:+48726272622\">+48 726 2 726 22<\/a>   <br><a href=\"mailto:asalian.biuro@gmail.com\">asalian.biuro@gmail.com<\/a><\/h4><\/div>\n<\/div><\/div>\n","protected":false},"excerpt":{"rendered":"<p>Us\u0142ugi t\u0142umacza przysi\u0119g\u0142ego 01. T\u0142umaczenie dokument\u00f3w urz\u0119dowych Zajmuj\u0119 si\u0119 t\u0142umaczeniem pe\u0142nych i skr\u00f3conych odpis\u00f3w akt\u00f3w ma\u0142\u017ce\u0144stwa, pe\u0142nych i skr\u00f3conych odpis\u00f3w akt\u00f3w urodzenia, wyrok\u00f3w s\u0105dowych, dyplom\u00f3w i \u015bwiadectw i innych dokument\u00f3w, dla kt\u00f3rych wymagane jest po\u015bwiadczenie t\u0142umacza przysi\u0119g\u0142ego. 02. T\u0142umaczenie ustne Zapewniam p\u0142ynn\u0105 komunikacj\u0119 w j\u0119zyku ukrai\u0144skim podczas dokonywania czynno\u015bci notarialnych, spotka\u0144 biznesowych, konferencji i szkole\u0144. [&hellip;]<\/p>\n","protected":false},"author":2,"featured_media":0,"parent":0,"menu_order":0,"comment_status":"closed","ping_status":"closed","template":"","meta":{"om_disable_all_campaigns":false,"inline_featured_image":false,"_uag_custom_page_level_css":".telkonpl a{\n\ttext-decoration: none; \n\tcolor: #FFFFFF;\n}\n\n.telkonpl a:hover{\n\tcolor: #FFA6B0;\n\ttext-decoration: underline;\n}\n\n.telkonpl a:visited{\n\tcolor: #FFFFFF;\t\n\ttext-decoration: none;\n}\n","_monsterinsights_skip_tracking":false,"_monsterinsights_sitenote_active":false,"_monsterinsights_sitenote_note":"","_monsterinsights_sitenote_category":0,"site-sidebar-layout":"default","site-content-layout":"plain-container","ast-site-content-layout":"normal-width-container","site-content-style":"unboxed","site-sidebar-style":"unboxed","ast-global-header-display":"","ast-banner-title-visibility":"disabled","ast-main-header-display":"","ast-hfb-above-header-display":"","ast-hfb-below-header-display":"","ast-hfb-mobile-header-display":"","site-post-title":"","ast-breadcrumbs-content":"","ast-featured-img":"","footer-sml-layout":"","ast-disable-related-posts":"","theme-transparent-header-meta":"","adv-header-id-meta":"","stick-header-meta":"","header-above-stick-meta":"","header-main-stick-meta":"","header-below-stick-meta":"","astra-migrate-meta-layouts":"set","ast-page-background-enabled":"default","ast-page-background-meta":{"desktop":{"background-color":"var(--ast-global-color-4)","background-image":"","background-repeat":"repeat","background-position":"center center","background-size":"auto","background-attachment":"scroll","background-type":"","background-media":"","overlay-type":"","overlay-color":"","overlay-opacity":"","overlay-gradient":""},"tablet":{"background-color":"","background-image":"","background-repeat":"repeat","background-position":"center center","background-size":"auto","background-attachment":"scroll","background-type":"","background-media":"","overlay-type":"","overlay-color":"","overlay-opacity":"","overlay-gradient":""},"mobile":{"background-color":"","background-image":"","background-repeat":"repeat","background-position":"center center","background-size":"auto","background-attachment":"scroll","background-type":"","background-media":"","overlay-type":"","overlay-color":"","overlay-opacity":"","overlay-gradient":""}},"ast-content-background-meta":{"desktop":{"background-color":"var(--ast-global-color-5)","background-image":"","background-repeat":"repeat","background-position":"center center","background-size":"auto","background-attachment":"scroll","background-type":"","background-media":"","overlay-type":"","overlay-color":"","overlay-opacity":"","overlay-gradient":""},"tablet":{"background-color":"var(--ast-global-color-5)","background-image":"","background-repeat":"repeat","background-position":"center center","background-size":"auto","background-attachment":"scroll","background-type":"","background-media":"","overlay-type":"","overlay-color":"","overlay-opacity":"","overlay-gradient":""},"mobile":{"background-color":"var(--ast-global-color-5)","background-image":"","background-repeat":"repeat","background-position":"center center","background-size":"auto","background-attachment":"scroll","background-type":"","background-media":"","overlay-type":"","overlay-color":"","overlay-opacity":"","overlay-gradient":""}},"footnotes":""},"class_list":["post-1307","page","type-page","status-publish","hentry"],"aioseo_notices":[],"uagb_featured_image_src":{"full":false,"thumbnail":false,"medium":false,"medium_large":false,"large":false,"1536x1536":false,"2048x2048":false,"trp-custom-language-flag":false,"awb_sm":false,"awb_md":false,"awb_lg":false,"awb_xl":false},"uagb_author_info":{"display_name":"anna.sokur","author_link":"https:\/\/ania-tlumaczy.pl\/pl_pl\/author\/anna-sokur\/"},"uagb_comment_info":0,"uagb_excerpt":"Us\u0142ugi t\u0142umacza przysi\u0119g\u0142ego 01. T\u0142umaczenie dokument\u00f3w urz\u0119dowych Zajmuj\u0119 si\u0119 t\u0142umaczeniem pe\u0142nych i skr\u00f3conych odpis\u00f3w akt\u00f3w ma\u0142\u017ce\u0144stwa, pe\u0142nych i skr\u00f3conych odpis\u00f3w akt\u00f3w urodzenia, wyrok\u00f3w s\u0105dowych, dyplom\u00f3w i \u015bwiadectw i innych dokument\u00f3w, dla kt\u00f3rych wymagane jest po\u015bwiadczenie t\u0142umacza przysi\u0119g\u0142ego. 02. T\u0142umaczenie ustne Zapewniam p\u0142ynn\u0105 komunikacj\u0119 w j\u0119zyku ukrai\u0144skim podczas dokonywania czynno\u015bci notarialnych, spotka\u0144 biznesowych, konferencji i szkole\u0144.&hellip;","jetpack_sharing_enabled":true,"jetpack_likes_enabled":true,"jetpack-related-posts":[{"id":1306,"url":"https:\/\/ania-tlumaczy.pl\/pl_pl\/about-us\/","url_meta":{"origin":1307,"position":0},"title":"O mnie","author":"anna.sokur","date":"14\/08\/2023","format":false,"excerpt":"Profesjonalny t\u0142umacz przysi\u0119g\u0142y Moje warto\u015bci Dok\u0142adno\u015b\u0107Rygorystyczna kontrola jako\u015bci t\u0142umacze\u0144 gwarantuj\u0105 dok\u0142adno\u015b\u0107 w procesie t\u0142umaczenia. W celu zachowania zgodno\u015bci dokumentacji proponuj\u0119 klientom dodatkow\u0105 mo\u017cliwo\u015b\u0107 sprawdzenia wersji elektronicznej t\u0142umaczenia przed odbiorem osobistym. Zaanga\u017cowanieAnga\u017cuj\u0119 si\u0119 w wykonanie ka\u017cdego t\u0142umaczenia, \u017ceby spe\u0142nia\u0107 potrzeby moich klient\u00f3w. Zawsze pozostaj\u0119 do dyspozycji i s\u0142u\u017c\u0119 pomoc\u0105 swoim klientom\u2026","rel":"","context":"Podobny wpis","block_context":{"text":"Podobny wpis","link":""},"img":{"alt_text":"","src":"https:\/\/i0.wp.com\/ania-tlumaczy.pl\/wp-content\/uploads\/2024\/02\/KDR_Tu-honorujemy-Karte-Duzej-Rodziny.jpg?resize=350%2C200&ssl=1","width":350,"height":200,"srcset":"https:\/\/i0.wp.com\/ania-tlumaczy.pl\/wp-content\/uploads\/2024\/02\/KDR_Tu-honorujemy-Karte-Duzej-Rodziny.jpg?resize=350%2C200&ssl=1 1x, https:\/\/i0.wp.com\/ania-tlumaczy.pl\/wp-content\/uploads\/2024\/02\/KDR_Tu-honorujemy-Karte-Duzej-Rodziny.jpg?resize=525%2C300&ssl=1 1.5x, https:\/\/i0.wp.com\/ania-tlumaczy.pl\/wp-content\/uploads\/2024\/02\/KDR_Tu-honorujemy-Karte-Duzej-Rodziny.jpg?resize=700%2C400&ssl=1 2x"},"classes":[]},{"id":1551,"url":"https:\/\/ania-tlumaczy.pl\/pl_pl\/klauzula-rodo\/","url_meta":{"origin":1307,"position":1},"title":"Klauzula informacyjna","author":"anna.sokur","date":"13\/11\/2023","format":false,"excerpt":"Zgodnie z\u00a0art. 13 Rozporz\u0105dzenia Parlamentu Europejskiego i\u00a0Rady (UE) w\u00a0sprawie ochrony os\u00f3b fizycznych w\u00a0zwi\u0105zku z\u00a0ochron\u0105 danych osobowych\u00a0\u00a0z\u00a0dnia 27 kwietnia 2016\u00a0r. informuj\u0119, i\u017c: Administratorem Pani\/Pana danych osobowych\u00a0\u00a0jest Pani Anna Sokur prowadz\u0105ca jednoosobow\u0105 dzia\u0142alno\u015b\u0107 gospodarcza ASALIAN Anna Sokur z\u00a0siedzib\u0105 w Warszawie przy ul. gen. Felicjana S\u0142awoja Sk\u0142adkowskiego 3\/203, tel.: +48 726 2 726\u2026","rel":"","context":"Podobny wpis","block_context":{"text":"Podobny wpis","link":""},"img":{"alt_text":"","src":"","width":0,"height":0},"classes":[]},{"id":1304,"url":"https:\/\/ania-tlumaczy.pl\/pl_pl\/","url_meta":{"origin":1307,"position":2},"title":"G\u0142\u00f3wna","author":"anna.sokur","date":"14\/08\/2023","format":false,"excerpt":"Profesjonalny t\u0142umacz przysi\u0119g\u0142y T\u0142umaczenia po\u015bwiadczone na j\u0119zyk ukrai\u0144ski Skontaktuj si\u0119 Darmowa wycena ju\u017c dzi\u015b!+48 726 2 726 22 Wed\u0142ug opinii klient\u00f3w 5\/5 gwiazdek Poniedzia\u0142ek - pi\u0105tek9:00 - 19:00 Profesjonalne Us\u0142ugi t\u0142umacza przysi\u0119g\u0142ego T\u0142umaczenie pisemne T\u0142umaczenie odpis\u00f3w akt\u00f3w T\u0142umaczenie dyplom\u00f3w i \u015bwiadectw T\u0142umaczenie prawa jazdy T\u0142umaczenie ustne T\u0142umaczenie akt\u00f3w notarialnych T\u0142umaczenie\u2026","rel":"","context":"Podobny wpis","block_context":{"text":"Podobny wpis","link":""},"img":{"alt_text":"t\u0142umacz przysi\u0119g\u0142y ukrai\u0144skiego","src":"https:\/\/i0.wp.com\/ania-tlumaczy.pl\/wp-content\/uploads\/2023\/11\/3839649-3839649-scaled-1.jpg?resize=350%2C200&ssl=1","width":350,"height":200},"classes":[]},{"id":3,"url":"https:\/\/ania-tlumaczy.pl\/pl_pl\/privacy-policy\/","url_meta":{"origin":1307,"position":3},"title":"Polityka prywatno\u015bci","author":"admin","date":"05\/10\/2023","format":false,"excerpt":"Niniejsza polityka prywatno\u015bci i plik\u00f3w cookies opisuje zasady post\u0119powania z danymi osobowymi oraz wykorzystywania plik\u00f3w cookies i innych technologii w ramach strony internetowej www.ania-tlumaczy.pl. Administratorem strony jest Anna Sokur, prowadz\u0105ca jednoosobow\u0105 dzia\u0142alno\u015b\u0107 gospodarcz\u0105 pod nazw\u0105 ASALIAN Anna Sokur, ul. gen. Felicjana S\u0142awoja Sk\u0142adkowskiego 3\/203, 02-497 Warszawa, NIP: 118 214 24\u2026","rel":"","context":"Podobny wpis","block_context":{"text":"Podobny wpis","link":""},"img":{"alt_text":"","src":"","width":0,"height":0},"classes":[]}],"_links":{"self":[{"href":"https:\/\/ania-tlumaczy.pl\/pl_pl\/wp-json\/wp\/v2\/pages\/1307","targetHints":{"allow":["GET"]}}],"collection":[{"href":"https:\/\/ania-tlumaczy.pl\/pl_pl\/wp-json\/wp\/v2\/pages"}],"about":[{"href":"https:\/\/ania-tlumaczy.pl\/pl_pl\/wp-json\/wp\/v2\/types\/page"}],"author":[{"embeddable":true,"href":"https:\/\/ania-tlumaczy.pl\/pl_pl\/wp-json\/wp\/v2\/users\/2"}],"replies":[{"embeddable":true,"href":"https:\/\/ania-tlumaczy.pl\/pl_pl\/wp-json\/wp\/v2\/comments?post=1307"}],"version-history":[{"count":1,"href":"https:\/\/ania-tlumaczy.pl\/pl_pl\/wp-json\/wp\/v2\/pages\/1307\/revisions"}],"predecessor-version":[{"id":2202,"href":"https:\/\/ania-tlumaczy.pl\/pl_pl\/wp-json\/wp\/v2\/pages\/1307\/revisions\/2202"}],"wp:attachment":[{"href":"https:\/\/ania-tlumaczy.pl\/pl_pl\/wp-json\/wp\/v2\/media?parent=1307"}],"curies":[{"name":"wp","href":"https:\/\/api.w.org\/{rel}","templated":true}]}}