{"id":1306,"date":"2023-08-14T06:25:57","date_gmt":"2023-08-14T06:25:57","guid":{"rendered":"https:\/\/fert-fremont-568r.zipwp.dev\/?page_id=16"},"modified":"2024-02-14T16:52:22","modified_gmt":"2024-02-14T15:52:22","slug":"about-us","status":"publish","type":"page","link":"https:\/\/ania-tlumaczy.pl\/pl_pl\/about-us\/","title":{"rendered":"O mnie"},"content":{"rendered":"\n<div class=\"wp-block-uagb-container uagb-block-4c3875af alignfull uagb-is-root-container\"><div class=\"uagb-container-inner-blocks-wrap\">\n<div class=\"wp-block-uagb-advanced-heading uagb-block-36237826\"><h1 class=\"uagb-heading-text\">Profesjonalny t\u0142umacz przysi\u0119g\u0142y<\/h1><\/div>\n<\/div><\/div>\n\n\n\n<div class=\"wp-block-uagb-container uagb-block-edae5b83 alignfull uagb-is-root-container\"><div class=\"uagb-container-inner-blocks-wrap\">\n<div class=\"wp-block-uagb-advanced-heading uagb-block-92588f0c\"><h1 class=\"uagb-heading-text\">Moje warto\u015bci<\/h1><\/div>\n\n\n\n<div class=\"wp-block-uagb-container uagb-block-0f0fe2b0\">\n<div class=\"wp-block-uagb-advanced-heading uagb-block-a7766e3a\"><h4 class=\"uagb-heading-text\">Dok\u0142adno\u015b\u0107<\/h4><p class=\"uagb-desc-text\">Rygorystyczna kontrola jako\u015bci t\u0142umacze\u0144 gwarantuj\u0105 dok\u0142adno\u015b\u0107 w procesie t\u0142umaczenia. <br>W celu zachowania zgodno\u015bci dokumentacji proponuj\u0119 klientom dodatkow\u0105 mo\u017cliwo\u015b\u0107 sprawdzenia wersji elektronicznej t\u0142umaczenia przed odbiorem osobistym.<\/p><\/div>\n\n\n\n<div class=\"wp-block-uagb-advanced-heading uagb-block-b78816fa\"><h4 class=\"uagb-heading-text\">Zaanga\u017cowanie<\/h4><p class=\"uagb-desc-text\">Anga\u017cuj\u0119 si\u0119 w wykonanie ka\u017cdego t\u0142umaczenia, \u017ceby spe\u0142nia\u0107 potrzeby moich klient\u00f3w. Zawsze pozostaj\u0119 do dyspozycji i s\u0142u\u017c\u0119 pomoc\u0105 swoim klientom by wsp\u00f3lnie osi\u0105gn\u0105\u0107 po\u017c\u0105dany wynik.<\/p><\/div>\n\n\n\n<div class=\"wp-block-uagb-advanced-heading uagb-block-a5c64964\"><h4 class=\"uagb-heading-text\">Profesjonalizm<\/h4><p class=\"uagb-desc-text\">Zale\u017cy mi na \u015bwiadczeniu us\u0142ug najwy\u017cszej jako\u015bci. Stosuj\u0119 si\u0119 do przepis\u00f3w Ustawy o zawodzie t\u0142umacza przysi\u0119g\u0142ego, Kodeksu zawodowego t\u0142umacza przysi\u0119g\u0142ego oraz dobrych praktyk rynkowych i norm etycznych. <\/p><\/div>\n<\/div>\n<\/div><\/div>\n\n\n\n<h1 class=\"wp-block-heading has-text-align-left\">Referencje<\/h1>\n\n\n\n<div class=\"wp-block-columns is-layout-flex wp-container-core-columns-is-layout-28f84493 wp-block-columns-is-layout-flex\">\n<div class=\"wp-block-column is-layout-flow wp-block-column-is-layout-flow\">\n<div class=\"wp-block-uagb-image uagb-block-f1eeb447 wp-block-uagb-image--layout-default wp-block-uagb-image--effect-static wp-block-uagb-image--align-none\"><figure class=\"wp-block-uagb-image__figure\"><img data-recalc-dims=\"1\" decoding=\"async\" srcset=\"https:\/\/ania-tlumaczy.pl\/wp-content\/uploads\/2023\/11\/przebadani1-1.png ,https:\/\/ania-tlumaczy.pl\/wp-content\/uploads\/2023\/11\/przebadani1-1.png 780w, https:\/\/ania-tlumaczy.pl\/wp-content\/uploads\/2023\/11\/przebadani1-1.png 360w\" sizes=\"auto, (max-width: 480px) 150px\" src=\"https:\/\/i0.wp.com\/ania-tlumaczy.pl\/wp-content\/uploads\/2023\/11\/przebadani1-1.png?resize=635%2C900&#038;ssl=1\" alt=\"\" class=\"uag-image-1914\" width=\"635\" height=\"900\" title=\"\" loading=\"lazy\"\/><\/figure><\/div>\n<\/div>\n\n\n\n<div class=\"wp-block-column is-layout-flow wp-block-column-is-layout-flow\">\n<div class=\"wp-block-uagb-image uagb-block-69794981 wp-block-uagb-image--layout-default wp-block-uagb-image--effect-static wp-block-uagb-image--align-none\"><figure class=\"wp-block-uagb-image__figure\"><img data-recalc-dims=\"1\" decoding=\"async\" srcset=\"https:\/\/ania-tlumaczy.pl\/wp-content\/uploads\/2023\/11\/perfecta.png ,https:\/\/ania-tlumaczy.pl\/wp-content\/uploads\/2023\/11\/perfecta.png 780w, https:\/\/ania-tlumaczy.pl\/wp-content\/uploads\/2023\/11\/perfecta.png 360w\" sizes=\"auto, (max-width: 480px) 150px\" src=\"https:\/\/i0.wp.com\/ania-tlumaczy.pl\/wp-content\/uploads\/2023\/11\/perfecta.png?resize=712%2C1000&#038;ssl=1\" alt=\"\" class=\"uag-image-1951\" width=\"712\" height=\"1000\" title=\"\" loading=\"lazy\"\/><\/figure><\/div>\n<\/div>\n\n\n\n<div class=\"wp-block-column is-layout-flow wp-block-column-is-layout-flow\">\n<div class=\"wp-block-uagb-image uagb-block-9a707290 wp-block-uagb-image--layout-default wp-block-uagb-image--effect-static wp-block-uagb-image--align-none\"><figure class=\"wp-block-uagb-image__figure\"><img data-recalc-dims=\"1\" decoding=\"async\" srcset=\"https:\/\/ania-tlumaczy.pl\/wp-content\/uploads\/2023\/11\/referencje_lumato.png ,https:\/\/ania-tlumaczy.pl\/wp-content\/uploads\/2023\/11\/referencje_lumato.png 780w, https:\/\/ania-tlumaczy.pl\/wp-content\/uploads\/2023\/11\/referencje_lumato.png 360w\" sizes=\"auto, (max-width: 480px) 150px\" src=\"https:\/\/i0.wp.com\/ania-tlumaczy.pl\/wp-content\/uploads\/2023\/11\/referencje_lumato.png?resize=701%2C1000&#038;ssl=1\" alt=\"\" class=\"uag-image-1933\" width=\"701\" height=\"1000\" title=\"\" loading=\"lazy\"\/><\/figure><\/div>\n<\/div>\n<\/div>\n\n\n\n<h1 class=\"wp-block-heading has-text-align-right\">Partnerzy<\/h1>\n\n\n\n<div class=\"wp-block-columns is-layout-flex wp-container-core-columns-is-layout-28f84493 wp-block-columns-is-layout-flex\">\n<div class=\"wp-block-column is-layout-flow wp-block-column-is-layout-flow\" style=\"flex-basis:33.33%\">\n<figure class=\"wp-block-image size-full\"><img data-recalc-dims=\"1\" loading=\"lazy\" decoding=\"async\" width=\"729\" height=\"655\" data-attachment-id=\"2223\" data-permalink=\"https:\/\/ania-tlumaczy.pl\/pl_pl\/about-us\/kdr_tu-honorujemy-karte-duzej-rodziny\/\" data-orig-file=\"https:\/\/i0.wp.com\/ania-tlumaczy.pl\/wp-content\/uploads\/2024\/02\/KDR_Tu-honorujemy-Karte-Duzej-Rodziny.jpg?fit=729%2C655&amp;ssl=1\" data-orig-size=\"729,655\" data-comments-opened=\"0\" data-image-meta=\"{&quot;aperture&quot;:&quot;0&quot;,&quot;credit&quot;:&quot;&quot;,&quot;camera&quot;:&quot;&quot;,&quot;caption&quot;:&quot;&quot;,&quot;created_timestamp&quot;:&quot;0&quot;,&quot;copyright&quot;:&quot;&quot;,&quot;focal_length&quot;:&quot;0&quot;,&quot;iso&quot;:&quot;0&quot;,&quot;shutter_speed&quot;:&quot;0&quot;,&quot;title&quot;:&quot;&quot;,&quot;orientation&quot;:&quot;0&quot;}\" data-image-title=\"KDR_Tu-honorujemy-Karte-Duzej-Rodziny\" data-image-description=\"\" data-image-caption=\"\" data-medium-file=\"https:\/\/i0.wp.com\/ania-tlumaczy.pl\/wp-content\/uploads\/2024\/02\/KDR_Tu-honorujemy-Karte-Duzej-Rodziny.jpg?fit=300%2C270&amp;ssl=1\" data-large-file=\"https:\/\/i0.wp.com\/ania-tlumaczy.pl\/wp-content\/uploads\/2024\/02\/KDR_Tu-honorujemy-Karte-Duzej-Rodziny.jpg?fit=729%2C655&amp;ssl=1\" src=\"https:\/\/i0.wp.com\/ania-tlumaczy.pl\/wp-content\/uploads\/2024\/02\/KDR_Tu-honorujemy-Karte-Duzej-Rodziny.jpg?resize=729%2C655&#038;ssl=1\" alt=\"\" class=\"wp-image-2223\" srcset=\"https:\/\/i0.wp.com\/ania-tlumaczy.pl\/wp-content\/uploads\/2024\/02\/KDR_Tu-honorujemy-Karte-Duzej-Rodziny.jpg?w=729&amp;ssl=1 729w, https:\/\/i0.wp.com\/ania-tlumaczy.pl\/wp-content\/uploads\/2024\/02\/KDR_Tu-honorujemy-Karte-Duzej-Rodziny.jpg?resize=300%2C270&amp;ssl=1 300w, https:\/\/i0.wp.com\/ania-tlumaczy.pl\/wp-content\/uploads\/2024\/02\/KDR_Tu-honorujemy-Karte-Duzej-Rodziny.jpg?resize=13%2C12&amp;ssl=1 13w, https:\/\/i0.wp.com\/ania-tlumaczy.pl\/wp-content\/uploads\/2024\/02\/KDR_Tu-honorujemy-Karte-Duzej-Rodziny.jpg?resize=500%2C449&amp;ssl=1 500w\" sizes=\"auto, (max-width: 729px) 100vw, 729px\" \/><\/figure>\n<\/div>\n\n\n\n<div class=\"wp-block-column is-layout-flow wp-block-column-is-layout-flow\" style=\"flex-basis:66.66%\">\n<p><\/p>\n\n\n\n<p>Jestem partnerem programu Karta du\u017cej rodziny. Karta przys\u0142uguje wszystkim rodzicom oraz ma\u0142\u017conkom rodzic\u00f3w, kt\u00f3rzy maj\u0105 lub mieli na utrzymaniu \u0142\u0105cznie co najmniej troje dzieci. Posiadaczom karty przys\u0142uguje ulga w wysoko\u015bci 5% na wszystkie us\u0142ugi t\u0142umaczeniowe opisane na niniejszej stronie internetowej oraz darmowa wysy\u0142ka t\u0142umacze\u0144 do paczkomat\u00f3w InPost na terenie ca\u0142ego kraju.<\/p>\n\n\n\n<p><\/p>\n<\/div>\n<\/div>\n\n\n\n<div class=\"wp-block-columns is-layout-flex wp-container-core-columns-is-layout-28f84493 wp-block-columns-is-layout-flex\">\n<div class=\"wp-block-column is-layout-flow wp-block-column-is-layout-flow\" style=\"flex-basis:33.33%\">\n<figure class=\"wp-block-image size-full\"><img data-recalc-dims=\"1\" loading=\"lazy\" decoding=\"async\" width=\"1000\" height=\"647\" data-attachment-id=\"2222\" data-permalink=\"https:\/\/ania-tlumaczy.pl\/pl_pl\/about-us\/baner-tutaj-honorujemy-kw-2023\/\" data-orig-file=\"https:\/\/i0.wp.com\/ania-tlumaczy.pl\/wp-content\/uploads\/2024\/02\/baner-Tutaj-honorujemy-KW-2023.jpg?fit=1000%2C647&amp;ssl=1\" data-orig-size=\"1000,647\" data-comments-opened=\"0\" data-image-meta=\"{&quot;aperture&quot;:&quot;0&quot;,&quot;credit&quot;:&quot;&quot;,&quot;camera&quot;:&quot;&quot;,&quot;caption&quot;:&quot;&quot;,&quot;created_timestamp&quot;:&quot;0&quot;,&quot;copyright&quot;:&quot;&quot;,&quot;focal_length&quot;:&quot;0&quot;,&quot;iso&quot;:&quot;0&quot;,&quot;shutter_speed&quot;:&quot;0&quot;,&quot;title&quot;:&quot;&quot;,&quot;orientation&quot;:&quot;0&quot;}\" data-image-title=\"baner-Tutaj-honorujemy-KW-2023\" data-image-description=\"\" data-image-caption=\"\" data-medium-file=\"https:\/\/i0.wp.com\/ania-tlumaczy.pl\/wp-content\/uploads\/2024\/02\/baner-Tutaj-honorujemy-KW-2023.jpg?fit=300%2C194&amp;ssl=1\" data-large-file=\"https:\/\/i0.wp.com\/ania-tlumaczy.pl\/wp-content\/uploads\/2024\/02\/baner-Tutaj-honorujemy-KW-2023.jpg?fit=1000%2C647&amp;ssl=1\" src=\"https:\/\/i0.wp.com\/ania-tlumaczy.pl\/wp-content\/uploads\/2024\/02\/baner-Tutaj-honorujemy-KW-2023.jpg?resize=1000%2C647&#038;ssl=1\" alt=\"\" class=\"wp-image-2222\" srcset=\"https:\/\/i0.wp.com\/ania-tlumaczy.pl\/wp-content\/uploads\/2024\/02\/baner-Tutaj-honorujemy-KW-2023.jpg?w=1000&amp;ssl=1 1000w, https:\/\/i0.wp.com\/ania-tlumaczy.pl\/wp-content\/uploads\/2024\/02\/baner-Tutaj-honorujemy-KW-2023.jpg?resize=300%2C194&amp;ssl=1 300w, https:\/\/i0.wp.com\/ania-tlumaczy.pl\/wp-content\/uploads\/2024\/02\/baner-Tutaj-honorujemy-KW-2023.jpg?resize=768%2C497&amp;ssl=1 768w, https:\/\/i0.wp.com\/ania-tlumaczy.pl\/wp-content\/uploads\/2024\/02\/baner-Tutaj-honorujemy-KW-2023.jpg?resize=18%2C12&amp;ssl=1 18w, https:\/\/i0.wp.com\/ania-tlumaczy.pl\/wp-content\/uploads\/2024\/02\/baner-Tutaj-honorujemy-KW-2023.jpg?resize=500%2C324&amp;ssl=1 500w, https:\/\/i0.wp.com\/ania-tlumaczy.pl\/wp-content\/uploads\/2024\/02\/baner-Tutaj-honorujemy-KW-2023.jpg?resize=800%2C518&amp;ssl=1 800w\" sizes=\"auto, (max-width: 1000px) 100vw, 1000px\" \/><\/figure>\n<\/div>\n\n\n\n<div class=\"wp-block-column is-layout-flow wp-block-column-is-layout-flow\" style=\"flex-basis:66.66%\">\n<p><\/p>\n\n\n\n<p>Jest mi niezmiernie mi\u0142o poinformowa\u0107, \u017ce jestem partnerem programu Karta warszawiaka oraz Karta m\u0142odego warszawiaka. Karta jest dost\u0119pna dla wszystkich zameldowanych na sta\u0142e lub mieszkanek i mieszka\u0144c\u00f3w wraz z ich dzie\u0107mi p\u0142ac\u0105cych podatki w Warszawie. Posiadaczom karty przys\u0142uguje ulga w wysoko\u015bci 10% na wszystkie us\u0142ugi t\u0142umaczeniowe opisane na niniejszej stronie internetowej.<\/p>\n<\/div>\n<\/div>\n\n\n\n<div class=\"wp-block-uagb-container uagb-block-5cf03063 alignfull uagb-is-root-container\"><div class=\"uagb-container-inner-blocks-wrap\">\n<div class=\"wp-block-uagb-container uagb-block-05150e62\">\n<div class=\"wp-block-uagb-advanced-heading uagb-block-a2b3848d\"><h2 class=\"uagb-heading-text\">O mnie<\/h2><p class=\"uagb-desc-text\">Jestem profesjonalnym t\u0142umaczem przysi\u0119g\u0142ym j\u0119zyka ukrai\u0144skiego. Specjalizuj\u0119 si\u0119 w t\u0142umaczeniach dokument\u00f3w <strong>prawnych<\/strong> i <strong>biznesowych<\/strong>, zapewniaj\u0105c dok\u0142adno\u015b\u0107 i wiarygodno\u015b\u0107.<br><br>Szczeg\u00f3lnie ciekawe dla mnie s\u0105 tak\u017ce t\u0142umaczenia z zakresu  <strong>IT<\/strong>, <strong>finans\u00f3w <\/strong>i <strong>bankowo\u015bci<\/strong>, <strong>techniki<\/strong>, <strong>budownictwa<\/strong> oraz <strong>in\u017cynierii<\/strong>. <br><br>Moja firma powsta\u0142a z pasji do j\u0119zyk\u00f3w i potrzeby dostarczenia wysokiej jako\u015bci t\u0142umacze\u0144 na rzecz moich klient\u00f3w.<\/p><\/div>\n<\/div>\n\n\n\n<div class=\"wp-block-uagb-container uagb-block-efeddd55\">\n<div class=\"wp-block-uagb-image aligncenter uagb-block-72d58435 wp-block-uagb-image--layout-default wp-block-uagb-image--effect-static wp-block-uagb-image--align-center\"><figure class=\"wp-block-uagb-image__figure\"><img data-recalc-dims=\"1\" decoding=\"async\" srcset=\"https:\/\/ania-tlumaczy.pl\/wp-content\/uploads\/2023\/11\/DSC_4209-200x300.jpeg ,https:\/\/ania-tlumaczy.pl\/wp-content\/uploads\/2023\/11\/DSC_4209-scaled.jpeg 780w, https:\/\/ania-tlumaczy.pl\/wp-content\/uploads\/2023\/11\/DSC_4209-scaled.jpeg 360w\" sizes=\"auto, (max-width: 480px) 150px\" src=\"https:\/\/i0.wp.com\/ania-tlumaczy.pl\/wp-content\/uploads\/2023\/11\/DSC_4209-200x300.jpeg?resize=351%2C278&#038;ssl=1\" alt=\"t\u0142umacz ukrai\u0144skiego\" class=\"uag-image-1368\" width=\"351\" height=\"278\" title=\"\" loading=\"lazy\"\/><\/figure><\/div>\n<\/div>\n<\/div><\/div>\n\n\n\n<div class=\"wp-block-uagb-container uagb-block-9caa1a47 alignfull uagb-is-root-container\"><div class=\"uagb-container-inner-blocks-wrap\">\n<div class=\"wp-block-uagb-advanced-heading uagb-block-1ed0e64e\"><h5 class=\"uagb-heading-text\">Skontaktuj si\u0119 ze mn\u0105<\/h5><\/div>\n\n\n\n<div class=\"wp-block-uagb-advanced-heading uagb-block-3a57683f\"><h2 class=\"uagb-heading-text\">Potrzebujesz t\u0142umacza przysi\u0119g\u0142ego? Skontaktuj si\u0119 ju\u017c dzi\u015b!<\/h2><\/div>\n\n\n\n<div class=\"wp-block-uagb-buttons uagb-buttons__outer-wrap uagb-btn__default-btn uagb-btn-tablet__default-btn uagb-btn-mobile__default-btn uagb-block-9979be0d\"><div class=\"uagb-buttons__wrap uagb-buttons-layout-wrap\">\n<div class=\"wp-block-uagb-buttons-child uagb-buttons__outer-wrap uagb-block-84fd34e5 wp-block-button\"><div class=\"uagb-button__wrapper\"><a class=\"uagb-buttons-repeater wp-block-button__link\" href=\"https:\/\/ania-tlumaczy.pl\/contact\/\" onclick=\"return true;\" rel=\"follow noopener\" target=\"_self\"><div class=\"uagb-button__link\">Skontaktuj si\u0119<\/div><\/a><\/div><\/div>\n<\/div><\/div>\n\n\n\n<div class=\"wp-block-uagb-advanced-heading uagb-block-838a0a13 telkonpl\"><div class=\"uagb-separator\"><\/div><h4 class=\"uagb-heading-text\">Darmowa wycena: <br><a href=\"tel:+48726272622\">+48 726 2 726 22<\/a>   <br><a href=\"mailto:asalian.biuro@gmail.com\">asalian.biuro@gmail.com<\/a><\/h4><\/div>\n<\/div><\/div>\n","protected":false},"excerpt":{"rendered":"<p>Profesjonalny t\u0142umacz przysi\u0119g\u0142y Moje warto\u015bci Dok\u0142adno\u015b\u0107 Rygorystyczna kontrola jako\u015bci t\u0142umacze\u0144 gwarantuj\u0105 dok\u0142adno\u015b\u0107 w procesie t\u0142umaczenia. W celu zachowania zgodno\u015bci dokumentacji proponuj\u0119 klientom dodatkow\u0105 mo\u017cliwo\u015b\u0107 sprawdzenia wersji elektronicznej t\u0142umaczenia przed odbiorem osobistym. Zaanga\u017cowanie Anga\u017cuj\u0119 si\u0119 w wykonanie ka\u017cdego t\u0142umaczenia, \u017ceby spe\u0142nia\u0107 potrzeby moich klient\u00f3w. Zawsze pozostaj\u0119 do dyspozycji i s\u0142u\u017c\u0119 pomoc\u0105 swoim klientom by wsp\u00f3lnie osi\u0105gn\u0105\u0107 [&hellip;]<\/p>\n","protected":false},"author":2,"featured_media":0,"parent":0,"menu_order":0,"comment_status":"closed","ping_status":"closed","template":"","meta":{"om_disable_all_campaigns":false,"inline_featured_image":false,"_uag_custom_page_level_css":".telkonpl a{\n\ttext-decoration: none; \n\tcolor: #FFFFFF;\n}\n\n\n.telkonpl a:hover{\n\tcolor: #FFA6B0;\n\ttext-decoration: underline;\n}\n\n.telkonpl a:visited{\n\tcolor: #FFFFFF;\t\n\ttext-decoration: none;\n}\n\n","_monsterinsights_skip_tracking":false,"_monsterinsights_sitenote_active":false,"_monsterinsights_sitenote_note":"","_monsterinsights_sitenote_category":0,"site-sidebar-layout":"default","site-content-layout":"plain-container","ast-site-content-layout":"normal-width-container","site-content-style":"unboxed","site-sidebar-style":"unboxed","ast-global-header-display":"","ast-banner-title-visibility":"disabled","ast-main-header-display":"","ast-hfb-above-header-display":"","ast-hfb-below-header-display":"","ast-hfb-mobile-header-display":"","site-post-title":"","ast-breadcrumbs-content":"","ast-featured-img":"","footer-sml-layout":"","ast-disable-related-posts":"","theme-transparent-header-meta":"","adv-header-id-meta":"","stick-header-meta":"","header-above-stick-meta":"","header-main-stick-meta":"","header-below-stick-meta":"","astra-migrate-meta-layouts":"set","ast-page-background-enabled":"default","ast-page-background-meta":{"desktop":{"background-color":"var(--ast-global-color-4)","background-image":"","background-repeat":"repeat","background-position":"center center","background-size":"auto","background-attachment":"scroll","background-type":"","background-media":"","overlay-type":"","overlay-color":"","overlay-opacity":"","overlay-gradient":""},"tablet":{"background-color":"","background-image":"","background-repeat":"repeat","background-position":"center center","background-size":"auto","background-attachment":"scroll","background-type":"","background-media":"","overlay-type":"","overlay-color":"","overlay-opacity":"","overlay-gradient":""},"mobile":{"background-color":"","background-image":"","background-repeat":"repeat","background-position":"center center","background-size":"auto","background-attachment":"scroll","background-type":"","background-media":"","overlay-type":"","overlay-color":"","overlay-opacity":"","overlay-gradient":""}},"ast-content-background-meta":{"desktop":{"background-color":"var(--ast-global-color-5)","background-image":"","background-repeat":"repeat","background-position":"center center","background-size":"auto","background-attachment":"scroll","background-type":"","background-media":"","overlay-type":"","overlay-color":"","overlay-opacity":"","overlay-gradient":""},"tablet":{"background-color":"var(--ast-global-color-5)","background-image":"","background-repeat":"repeat","background-position":"center center","background-size":"auto","background-attachment":"scroll","background-type":"","background-media":"","overlay-type":"","overlay-color":"","overlay-opacity":"","overlay-gradient":""},"mobile":{"background-color":"var(--ast-global-color-5)","background-image":"","background-repeat":"repeat","background-position":"center center","background-size":"auto","background-attachment":"scroll","background-type":"","background-media":"","overlay-type":"","overlay-color":"","overlay-opacity":"","overlay-gradient":""}},"footnotes":""},"class_list":["post-1306","page","type-page","status-publish","hentry"],"aioseo_notices":[],"uagb_featured_image_src":{"full":false,"thumbnail":false,"medium":false,"medium_large":false,"large":false,"1536x1536":false,"2048x2048":false,"trp-custom-language-flag":false,"awb_sm":false,"awb_md":false,"awb_lg":false,"awb_xl":false},"uagb_author_info":{"display_name":"anna.sokur","author_link":"https:\/\/ania-tlumaczy.pl\/pl_pl\/author\/anna-sokur\/"},"uagb_comment_info":0,"uagb_excerpt":"Profesjonalny t\u0142umacz przysi\u0119g\u0142y Moje warto\u015bci Dok\u0142adno\u015b\u0107 Rygorystyczna kontrola jako\u015bci t\u0142umacze\u0144 gwarantuj\u0105 dok\u0142adno\u015b\u0107 w procesie t\u0142umaczenia. W celu zachowania zgodno\u015bci dokumentacji proponuj\u0119 klientom dodatkow\u0105 mo\u017cliwo\u015b\u0107 sprawdzenia wersji elektronicznej t\u0142umaczenia przed odbiorem osobistym. Zaanga\u017cowanie Anga\u017cuj\u0119 si\u0119 w wykonanie ka\u017cdego t\u0142umaczenia, \u017ceby spe\u0142nia\u0107 potrzeby moich klient\u00f3w. Zawsze pozostaj\u0119 do dyspozycji i s\u0142u\u017c\u0119 pomoc\u0105 swoim klientom by wsp\u00f3lnie osi\u0105gn\u0105\u0107&hellip;","jetpack_sharing_enabled":true,"jetpack_likes_enabled":true,"jetpack-related-posts":[{"id":1304,"url":"https:\/\/ania-tlumaczy.pl\/pl_pl\/","url_meta":{"origin":1306,"position":0},"title":"G\u0142\u00f3wna","author":"anna.sokur","date":"14\/08\/2023","format":false,"excerpt":"Profesjonalny t\u0142umacz przysi\u0119g\u0142y T\u0142umaczenia po\u015bwiadczone na j\u0119zyk ukrai\u0144ski Skontaktuj si\u0119 Darmowa wycena ju\u017c dzi\u015b!+48 726 2 726 22 Wed\u0142ug opinii klient\u00f3w 5\/5 gwiazdek Poniedzia\u0142ek - pi\u0105tek9:00 - 19:00 Profesjonalne Us\u0142ugi t\u0142umacza przysi\u0119g\u0142ego T\u0142umaczenie pisemne T\u0142umaczenie odpis\u00f3w akt\u00f3w T\u0142umaczenie dyplom\u00f3w i \u015bwiadectw T\u0142umaczenie prawa jazdy T\u0142umaczenie ustne T\u0142umaczenie akt\u00f3w notarialnych T\u0142umaczenie\u2026","rel":"","context":"Podobny wpis","block_context":{"text":"Podobny wpis","link":""},"img":{"alt_text":"t\u0142umacz przysi\u0119g\u0142y ukrai\u0144skiego","src":"https:\/\/i0.wp.com\/ania-tlumaczy.pl\/wp-content\/uploads\/2023\/11\/3839649-3839649-scaled-1.jpg?resize=350%2C200&ssl=1","width":350,"height":200},"classes":[]},{"id":1551,"url":"https:\/\/ania-tlumaczy.pl\/pl_pl\/klauzula-rodo\/","url_meta":{"origin":1306,"position":1},"title":"Klauzula informacyjna","author":"anna.sokur","date":"13\/11\/2023","format":false,"excerpt":"Zgodnie z\u00a0art. 13 Rozporz\u0105dzenia Parlamentu Europejskiego i\u00a0Rady (UE) w\u00a0sprawie ochrony os\u00f3b fizycznych w\u00a0zwi\u0105zku z\u00a0ochron\u0105 danych osobowych\u00a0\u00a0z\u00a0dnia 27 kwietnia 2016\u00a0r. informuj\u0119, i\u017c: Administratorem Pani\/Pana danych osobowych\u00a0\u00a0jest Pani Anna Sokur prowadz\u0105ca jednoosobow\u0105 dzia\u0142alno\u015b\u0107 gospodarcza ASALIAN Anna Sokur z\u00a0siedzib\u0105 w Warszawie przy ul. gen. Felicjana S\u0142awoja Sk\u0142adkowskiego 3\/203, tel.: +48 726 2 726\u2026","rel":"","context":"Podobny wpis","block_context":{"text":"Podobny wpis","link":""},"img":{"alt_text":"","src":"","width":0,"height":0},"classes":[]},{"id":3,"url":"https:\/\/ania-tlumaczy.pl\/pl_pl\/privacy-policy\/","url_meta":{"origin":1306,"position":2},"title":"Polityka prywatno\u015bci","author":"admin","date":"05\/10\/2023","format":false,"excerpt":"Niniejsza polityka prywatno\u015bci i plik\u00f3w cookies opisuje zasady post\u0119powania z danymi osobowymi oraz wykorzystywania plik\u00f3w cookies i innych technologii w ramach strony internetowej www.ania-tlumaczy.pl. Administratorem strony jest Anna Sokur, prowadz\u0105ca jednoosobow\u0105 dzia\u0142alno\u015b\u0107 gospodarcz\u0105 pod nazw\u0105 ASALIAN Anna Sokur, ul. gen. Felicjana S\u0142awoja Sk\u0142adkowskiego 3\/203, 02-497 Warszawa, NIP: 118 214 24\u2026","rel":"","context":"Podobny wpis","block_context":{"text":"Podobny wpis","link":""},"img":{"alt_text":"","src":"","width":0,"height":0},"classes":[]}],"_links":{"self":[{"href":"https:\/\/ania-tlumaczy.pl\/pl_pl\/wp-json\/wp\/v2\/pages\/1306","targetHints":{"allow":["GET"]}}],"collection":[{"href":"https:\/\/ania-tlumaczy.pl\/pl_pl\/wp-json\/wp\/v2\/pages"}],"about":[{"href":"https:\/\/ania-tlumaczy.pl\/pl_pl\/wp-json\/wp\/v2\/types\/page"}],"author":[{"embeddable":true,"href":"https:\/\/ania-tlumaczy.pl\/pl_pl\/wp-json\/wp\/v2\/users\/2"}],"replies":[{"embeddable":true,"href":"https:\/\/ania-tlumaczy.pl\/pl_pl\/wp-json\/wp\/v2\/comments?post=1306"}],"version-history":[{"count":1,"href":"https:\/\/ania-tlumaczy.pl\/pl_pl\/wp-json\/wp\/v2\/pages\/1306\/revisions"}],"predecessor-version":[{"id":2238,"href":"https:\/\/ania-tlumaczy.pl\/pl_pl\/wp-json\/wp\/v2\/pages\/1306\/revisions\/2238"}],"wp:attachment":[{"href":"https:\/\/ania-tlumaczy.pl\/pl_pl\/wp-json\/wp\/v2\/media?parent=1306"}],"curies":[{"name":"wp","href":"https:\/\/api.w.org\/{rel}","templated":true}]}}